{"id":79743,"date":"2025-03-04T18:18:41","date_gmt":"2025-03-04T17:18:41","guid":{"rendered":"https:\/\/ssingular.com\/?post_type=product&#038;p=79743"},"modified":"2025-09-27T15:20:30","modified_gmt":"2025-09-27T14:20:30","slug":"kitchenette-ssolara-branca","status":"publish","type":"product","link":"https:\/\/ssingular.com\/pt\/produto\/kitchenette-ssolara-branca\/","title":{"rendered":"Kitchenette sSolara Branca"},"content":{"rendered":"<div class=\"row align-items-center\">\n<h2 style=\"color: #232323; font-weight: bold; margin-bottom: 5px; margin-top: 0;\">Kitchenette sSolara: Cozinha modular completa<\/h2>\n<div class=\"col-12 col-xl-5 col-lg-6 description-left\"><span style=\"color: #232323;\"><br \/>\nA Kitchenette sSolara Branca \u00e9 a solu\u00e7\u00e3o ideal para quem procura otimizar o espa\u00e7o sem comprometer o estilo ou a funcionalidade, esta cozinha compacta \u00e9 a escolha perfeita para est\u00fadios, apartamentos, apart hot\u00e9is, alojamentos locais e casas de campo.<br \/>\n<\/span><\/p>\n<ul class=\"list-style-03\" style=\"color: #232323; list-style-type: disc; margin-left: 20px; padding: 0; margin-top: 10px;\">\n<li style=\"border: none; margin: 0; padding: 0;\"><strong>Design e Funcionalidade: <\/strong>Cozinha compacta de 199 cm, elegante e totalmente equipada;<\/li>\n<li style=\"border: none; margin: 0; padding: 0;\"><strong>Solu\u00e7\u00e3o Compacta com Portas Deslizantes:<\/strong> Transforma-se num arm\u00e1rio discreto e funcional;<\/li>\n<li style=\"border: none; margin: 0; padding: 0;\"><strong>F\u00e1cil Montagem:<\/strong> Entregue em m\u00f3dulos, f\u00e1cil de montar autonomamente;<\/li>\n<li style=\"border: none; margin: 0; padding: 0;\"><strong>Aplica\u00e7\u00f5es e Versatilidade:<\/strong> Ideal para est\u00fadios, apartamentos e alojamentos locais.<\/li>\n<\/ul>\n<\/div>\n<div class=\"col-12 col-lg-6 offset-xl-1 description-right\"><a href=\"https:\/\/ssingular.com\/wp-content\/uploads\/2025\/03\/Cozinha_SSolara-branca5.jpg\"><br \/>\n<img decoding=\"async\" class=\"alignright size-medium wp-image-48168\" src=\"https:\/\/ssingular.com\/wp-content\/uploads\/2025\/03\/Cozinha_SSolara-branca5.jpg\" alt=\"kitchenette sSolara, cozinha ssingular, cozinha por medida\" \/><\/a><\/div>\n<\/div>\n<div class=\"row\">\n<div class=\"col-12\">\n<h2 style=\"color: #232323; font-weight: bold;\">A sua Cozinha Compacta Totalmente Equipada: SSolara<\/h2>\n<p style=\"color: #232323; margin-bottom: 10px;\">Descubra a SSolara, uma cozinha pequena em tamanho mas grande nas funcionalidades. A kitchenette SSolara \u00e9 uma solu\u00e7\u00e3o f\u00e1cil de montar, pr\u00e1tica para cozinhar, conviver e confeccionar as refei\u00e7\u00f5es do dia-a-dia. Projetada pela SSingular para otimizar espa\u00e7os reduzidos, esta cozinha compacta oferece tudo o que precisa num design inteligente e vers\u00e1til.<\/p>\n<p style=\"color: #232323; margin-bottom: 10px;\">Os m\u00f3dulos funcionais permitem criar uma cozinha pr\u00e1tica, com a expans\u00e3o de uma mesa de refei\u00e7\u00f5es retr\u00e1til de 87 cm de comprimento e 52 cm de largura, e uma \u00e1rea de apoio tamb\u00e9m retr\u00e1til de 46&#215;50 cm para caf\u00e9 ou pequenos eletrodom\u00e9sticos. O sistema de portas de correr possibilita que possa fechar esta \u00e1rea quando n\u00e3o estiver em uso, proporcionando mais espa\u00e7o livre e uma apar\u00eancia limpa e organizada.<\/p>\n<\/div>\n<\/div>\n<div class=\"row align-items-center\">\n<div class=\"col-12 col-xl-5 col-lg-6\">\n<h3 style=\"color: #232323; font-weight: bold;\">Caracter\u00edsticas Principais:<\/h3>\n<ul style=\"color: #232323; list-style-type: disc; margin-left: 20px; padding: 0; margin-top: 10px;\">\n<li style=\"border: none; margin: 0; padding: 0;\">M\u00f3dulos funcionais para uma cozinha pr\u00e1tica e vers\u00e1til<\/li>\n<li style=\"border: none; margin: 0; padding: 0;\">Mesa de refei\u00e7\u00f5es retr\u00e1til (87 x 52 cm)<\/li>\n<li style=\"border: none; margin: 0; padding: 0;\">Mesa de apoio retr\u00e1til (46 x 50 cm)<\/li>\n<li style=\"border: none; margin: 0; padding: 0;\">Sistema de portas de correr para otimiza\u00e7\u00e3o do espa\u00e7o<\/li>\n<\/ul>\n<h3 style=\"color: #232323; font-weight: bold;\">Eletrodom\u00e9sticos Inclu\u00eddos:<\/h3>\n<ul style=\"color: #232323; list-style-type: disc; margin-left: 20px; padding: 0; margin-top: 10px;\">\n<li style=\"border: none; margin: 0; padding: 0;\">M\u00e1quina de lavar loi\u00e7a Teka: modelo LP2140<\/li>\n<li style=\"border: none; margin: 0; padding: 0;\">Exaustor Teka: modelo CNL 6415B<\/li>\n<li style=\"border: none; margin: 0; padding: 0;\">Placa de indu\u00e7\u00e3o Teka: modelo IZF 32400 MSP<\/li>\n<li style=\"border: none; margin: 0; padding: 0;\">Frigor\u00edfico de 70L Teka: modelo RSR 10138 WH<\/li>\n<li style=\"border: none; margin: 0; padding: 0;\">Micro-ondas Teka: modelo MWE 230 G<\/li>\n<li style=\"border: none; margin: 0; padding: 0;\">Lava loi\u00e7a inox: 40cm largura<\/li>\n<li style=\"border: none; margin: 0; padding: 0;\">Misturadora Teka: ref.: SP995<\/li>\n<\/ul>\n<\/div>\n<div class=\"col-12 col-lg-6 offset-xl-1\"><img decoding=\"async\" class=\"alignright size-medium wp-image-48168\" src=\"https:\/\/ssingular.com\/wp-content\/uploads\/2024\/10\/Quarto_SSolara-mesa.png\" alt=\"sSolara, cozinha ssingular, cozinha por medida\" \/><\/div>\n<\/div>\n<div class=\"row\">\n<div class=\"col-12\">\n<h3 style=\"color: #232323; font-weight: bold;\">Montagem e Suporte:<\/h3>\n<p style=\"color: #232323;\">A SSingular oferece suporte completo para a montagem da sua SSolara:<\/p>\n<ul style=\"color: #232323; list-style-type: disc; margin-left: 20px; padding: 0; margin-top: 10px;\">\n<li style=\"border: none; margin: 0; padding: 0;\">V\u00eddeo demonstrativo detalhado do processo de montagem<\/li>\n<li style=\"border: none; margin: 0; padding: 0;\">Linha de apoio ao cliente dedicada para assist\u00eancia durante a instala\u00e7\u00e3o<\/li>\n<\/ul>\n<p style=\"color: #232323;\"><strong>Nota:<\/strong> O transporte e montagem n\u00e3o est\u00e3o inclu\u00eddos no pre\u00e7o base. Para mais informa\u00e7\u00f5es sobre estes servi\u00e7os adicionais, por favor entre em contacto connosco.<\/p>\n<p style=\"color: #232323;\">A SSolara \u00e9 a escolha ideal para quem procura uma solu\u00e7\u00e3o de cozinha completa, compacta e f\u00e1cil de instalar. Com todos os eletrodom\u00e9sticos essenciais inclu\u00eddos, est\u00e1 pronta a usar assim que montada, permitindo-lhe desfrutar imediatamente do seu novo espa\u00e7o de cozinha.<\/p>\n<\/div>\n<\/div>\n","protected":false},"excerpt":{"rendered":"<p><span style=\"color: #232323;\"><strong>Kitchenette sSolara:<\/strong> Uma cozinha compacta, elegante e totalmente equipada, ideal para espa\u00e7os reduzidos. Com 199 cm de largura, a sSolara integra-se perfeitamente em est\u00fadios, apartamentos e alojamentos locais, com um design pr\u00e1tico e funcional de f\u00e1cil montagem.<\/span><\/p>\n<p><span style=\"color: #232323;\">Equipada com os mais modernos eletrodom\u00e9sticos da TEKA \u2013 placa de indu\u00e7\u00e3o, exaustor, microondas, frigor\u00edfico com congelador e m\u00e1quina de lavar loi\u00e7a \u2013 a sSolara combina tecnologia avan\u00e7ada com um design minimalista e elegante.<\/span><\/p>\n<p><span style=\"color: #232323;\"><strong>Solu\u00e7\u00e3o Compacta com Portas Deslizantes:<\/strong><\/span><br \/>\n<span style=\"color: #232323;\">O sistema de portas deslizantes da sSolara permite que esta cozinha, quando n\u00e3o est\u00e1 em uso, se transforme num arm\u00e1rio discreto e compacto, integrando-se harmoniosamente no ambiente de estar. Esta caracter\u00edstica torna-a uma escolha ideal para espa\u00e7os onde a multifuncionalidade e a est\u00e9tica s\u00e3o priorit\u00e1rias.<\/span><\/p>\n<p><span style=\"color: #232323;\"><strong> F\u00e1cil montagem:<\/strong><\/span><br \/>\n<span style=\"color: #232323;\">A Kitchenette sSolara \u00e9 entregue em m\u00f3dulos, prontos para serem montados pelo pr\u00f3prio cliente, tornando o processo de instala\u00e7\u00e3o simples e acess\u00edvel. Esta solu\u00e7\u00e3o do tipo fa\u00e7a-voc\u00ea-mesmo n\u00e3o s\u00f3 poupa tempo como tamb\u00e9m proporciona a independ\u00eancia e satisfa\u00e7\u00e3o de criar o seu pr\u00f3prio espa\u00e7o.<\/span><\/p>\n<p>&nbsp;<\/p>\n","protected":false},"featured_media":79740,"comment_status":"open","ping_status":"closed","template":"","meta":{"_joinchat":[]},"product_brand":[],"product_cat":[157,156],"product_tag":[],"class_list":{"0":"post-79743","1":"product","2":"type-product","3":"status-publish","4":"has-post-thumbnail","6":"product_cat-cozinha-compacta","7":"product_cat-cozinhas","9":"first","10":"instock","11":"sale","12":"taxable","13":"shipping-taxable","14":"purchasable","15":"product-type-simple","16":"litho-product-3col"},"_links":{"self":[{"href":"https:\/\/ssingular.com\/pt\/wp-json\/wp\/v2\/product\/79743","targetHints":{"allow":["GET"]}}],"collection":[{"href":"https:\/\/ssingular.com\/pt\/wp-json\/wp\/v2\/product"}],"about":[{"href":"https:\/\/ssingular.com\/pt\/wp-json\/wp\/v2\/types\/product"}],"replies":[{"embeddable":true,"href":"https:\/\/ssingular.com\/pt\/wp-json\/wp\/v2\/comments?post=79743"}],"version-history":[{"count":0,"href":"https:\/\/ssingular.com\/pt\/wp-json\/wp\/v2\/product\/79743\/revisions"}],"wp:featuredmedia":[{"embeddable":true,"href":"https:\/\/ssingular.com\/pt\/wp-json\/wp\/v2\/media\/79740"}],"wp:attachment":[{"href":"https:\/\/ssingular.com\/pt\/wp-json\/wp\/v2\/media?parent=79743"}],"wp:term":[{"taxonomy":"product_brand","embeddable":true,"href":"https:\/\/ssingular.com\/pt\/wp-json\/wp\/v2\/product_brand?post=79743"},{"taxonomy":"product_cat","embeddable":true,"href":"https:\/\/ssingular.com\/pt\/wp-json\/wp\/v2\/product_cat?post=79743"},{"taxonomy":"product_tag","embeddable":true,"href":"https:\/\/ssingular.com\/pt\/wp-json\/wp\/v2\/product_tag?post=79743"}],"curies":[{"name":"wp","href":"https:\/\/api.w.org\/{rel}","templated":true}]}}