{"id":76927,"date":"2022-08-17T23:57:30","date_gmt":"2022-08-17T22:57:30","guid":{"rendered":"http:\/\/limonada.pt\/?page_id=76927"},"modified":"2023-09-05T13:25:54","modified_gmt":"2023-09-05T12:25:54","slug":"produtos","status":"publish","type":"page","link":"https:\/\/ssingular.com\/pt\/produtos\/","title":{"rendered":"Produtos"},"content":{"rendered":"\t\t<div data-elementor-type=\"wp-page\" data-elementor-id=\"76927\" class=\"elementor elementor-76927\">\n\t\t\t\t\t\t<div class=\"elementor-section elementor-top-section elementor-element elementor-element-11c0f9a1 elementor-section-boxed elementor-section-height-default elementor-section-height-default\" data-id=\"11c0f9a1\" data-element_type=\"section\" data-e-type=\"section\">\n\t\t\t\t\t\t<div class=\"elementor-container elementor-column-gap-default\">\n\t\t\t\t\t<div class=\" elementor-column elementor-col-100 elementor-top-column elementor-element elementor-element-4026a635\" data-fullscreen-column-settings=\"{&quot;fullscreen&quot;:&quot;&quot;}\" data-id=\"4026a635\" data-element_type=\"column\" data-e-type=\"column\">\n\t\t\t<div class=\"elementor-widget-wrap elementor-element-populated\">\n\t\t\t\t\t\t<div class=\"elementor-element elementor-element-b419cce elementor-widget elementor-widget-litho-heading\" data-id=\"b419cce\" data-element_type=\"widget\" data-e-type=\"widget\" data-widget_type=\"litho-heading.default\">\n\t\t\t\t<div class=\"elementor-widget-container\">\n\t\t\t\t\t<h1 class=\"litho-heading elementor-size-large\"><span class=\"litho-primary-title\">Produtos com Design SSingular<\/span><\/h1>\t\t\t\t<\/div>\n\t\t\t\t<\/div>\n\t\t\t\t<div class=\"elementor-element elementor-element-1bc918d elementor-widget elementor-widget-litho-heading\" data-id=\"1bc918d\" data-element_type=\"widget\" data-e-type=\"widget\" data-widget_type=\"litho-heading.default\">\n\t\t\t\t<div class=\"elementor-widget-container\">\n\t\t\t\t\t<h2 class=\"litho-heading elementor-size-xl\"><span class=\"litho-primary-title\">Conhe\u00e7a todas os produtos desenvolvidos na nossa f\u00e1brica<\/span><\/h2>\t\t\t\t<\/div>\n\t\t\t\t<\/div>\n\t\t\t\t<div class=\"elementor-element elementor-element-aa76ff8 elementor-widget elementor-widget-text-editor\" data-id=\"aa76ff8\" data-element_type=\"widget\" data-e-type=\"widget\" data-widget_type=\"text-editor.default\">\n\t\t\t\t<div class=\"elementor-widget-container\">\n\t\t\t\t\t\t\t\t\t<p><span style=\"color: #232323;\">Na SSingular, somos mestres em transformar espa\u00e7os atrav\u00e9s de solu\u00e7\u00f5es de design \u00fanicas e sofisticadas.\u00a0<\/span><span style=\"color: #232323;\">Das <span style=\"text-decoration: underline;\"><a href=\"https:\/\/ssingular.com\/produtos\/cozinhas\">cozinhas<\/a><\/span> \u00e0s <span style=\"text-decoration: underline;\"><a href=\"https:\/\/ssingular.com\/produtos\/salas\/\">salas de estar<\/a><\/span>, cada pe\u00e7a reflete a qualidade e a dedica\u00e7\u00e3o da nossa marca. Se procura solu\u00e7\u00f5es inovadoras para closets ou quer reinventar a sua casa de banho, temos o que precisa. E n\u00e3o termina aqui: o nosso <span style=\"text-decoration: underline;\"><a href=\"https:\/\/ssingular.com\/produtos\/design-de-interiores\/\">design de interiores<\/a><\/span> transforma ambientes, enquanto as nossas portas e pain\u00e9is adicionam um toque de distin\u00e7\u00e3o a qualquer espa\u00e7o. N\u00e3o esque\u00e7a dos nossos acess\u00f3rios exclusivos que complementam perfeitamente cada projeto. <\/span><\/p><p><span style=\"color: #232323;\">Descubra o universo SSingular e eleve o conforto e a funcionalidade da sua casa.<\/span><\/p>\t\t\t\t\t\t\t\t<\/div>\n\t\t\t\t<\/div>\n\t\t\t\t\t<\/div>\n\t\t<\/div>\n\t\t\t\t\t<\/div>\n\t\t<\/div>\n\t\t\t\t<div class=\"elementor-section elementor-top-section elementor-element elementor-element-13e437c elementor-section-boxed elementor-section-height-default elementor-section-height-default\" data-id=\"13e437c\" data-element_type=\"section\" data-e-type=\"section\">\n\t\t\t\t\t\t<div class=\"elementor-container elementor-column-gap-default\">\n\t\t\t\t\t<div class=\" elementor-column elementor-col-33 elementor-top-column elementor-element elementor-element-7f44742\" data-fullscreen-column-settings=\"{&quot;fullscreen&quot;:&quot;&quot;}\" data-id=\"7f44742\" data-element_type=\"column\" data-e-type=\"column\">\n\t\t\t<div class=\"elementor-widget-wrap elementor-element-populated\">\n\t\t\t\t\t\t<div class=\"elementor-element elementor-element-a1e91ac elementor-widget elementor-widget-image\" data-id=\"a1e91ac\" data-element_type=\"widget\" data-e-type=\"widget\" data-widget_type=\"image.default\">\n\t\t\t\t<div class=\"elementor-widget-container\">\n\t\t\t\t\t\t\t\t\t\t\t\t\t\t\t\t<a href=\"https:\/\/ssingular.com\/produtos\/cozinhas\">\n\t\t\t\t\t\t\t<img decoding=\"async\" src=\"https:\/\/ssingular.com\/wp-content\/uploads\/elementor\/thumbs\/SSingular-Cozinhas-01-1-pxlo4m99hkidhyvn4vc214ezfer6l4tyjboyhydyg0.png\" title=\"SSingular &#8211; Cozinhas-01\" alt=\"SSingular - Cozinhas-01\" loading=\"lazy\" \/>\t\t\t\t\t\t\t\t<\/a>\n\t\t\t\t\t\t\t\t\t\t\t\t\t\t\t<\/div>\n\t\t\t\t<\/div>\n\t\t\t\t<div class=\"elementor-element elementor-element-88ae41a elementor-widget elementor-widget-litho-heading\" data-id=\"88ae41a\" data-element_type=\"widget\" data-e-type=\"widget\" data-widget_type=\"litho-heading.default\">\n\t\t\t\t<div class=\"elementor-widget-container\">\n\t\t\t\t\t<h2 class=\"litho-heading elementor-size-xl\"><span class=\"litho-primary-title\">Cozinhas<\/span><\/h2>\t\t\t\t<\/div>\n\t\t\t\t<\/div>\n\t\t\t\t\t<\/div>\n\t\t<\/div>\n\t\t\t\t<div class=\" elementor-column elementor-col-33 elementor-top-column elementor-element elementor-element-8b207d4\" data-fullscreen-column-settings=\"{&quot;fullscreen&quot;:&quot;&quot;}\" data-id=\"8b207d4\" data-element_type=\"column\" data-e-type=\"column\">\n\t\t\t<div class=\"elementor-widget-wrap elementor-element-populated\">\n\t\t\t\t\t\t<div class=\"elementor-element elementor-element-7a3ad94 elementor-widget elementor-widget-image\" data-id=\"7a3ad94\" data-element_type=\"widget\" data-e-type=\"widget\" data-widget_type=\"image.default\">\n\t\t\t\t<div class=\"elementor-widget-container\">\n\t\t\t\t\t\t\t\t\t\t\t\t\t\t\t\t<a href=\"https:\/\/ssingular.com\/produtos\/salas\/\">\n\t\t\t\t\t\t\t<img decoding=\"async\" src=\"https:\/\/ssingular.com\/wp-content\/uploads\/elementor\/thumbs\/SSingular-Sala01-01-pxm0erk8a1ryqomvazodwjqmubgtbm4jzr1b9mt7kw.png\" title=\"SSingular projeto sala\" alt=\"Decora\u00e7\u00e3o madeira, SSingular, projetos de interiores\" loading=\"lazy\" \/>\t\t\t\t\t\t\t\t<\/a>\n\t\t\t\t\t\t\t\t\t\t\t\t\t\t\t<\/div>\n\t\t\t\t<\/div>\n\t\t\t\t<div class=\"elementor-element elementor-element-a4e7078 elementor-widget elementor-widget-litho-heading\" data-id=\"a4e7078\" data-element_type=\"widget\" data-e-type=\"widget\" data-widget_type=\"litho-heading.default\">\n\t\t\t\t<div class=\"elementor-widget-container\">\n\t\t\t\t\t<h2 class=\"litho-heading elementor-size-xl\"><span class=\"litho-primary-title\">sala de estar ou jantar<\/span><\/h2>\t\t\t\t<\/div>\n\t\t\t\t<\/div>\n\t\t\t\t\t<\/div>\n\t\t<\/div>\n\t\t\t\t<div class=\" elementor-column elementor-col-33 elementor-top-column elementor-element elementor-element-725b89e\" data-fullscreen-column-settings=\"{&quot;fullscreen&quot;:&quot;&quot;}\" data-id=\"725b89e\" data-element_type=\"column\" data-e-type=\"column\">\n\t\t\t<div class=\"elementor-widget-wrap elementor-element-populated\">\n\t\t\t\t\t\t<div class=\"elementor-element elementor-element-054e700 elementor-widget elementor-widget-image\" data-id=\"054e700\" data-element_type=\"widget\" data-e-type=\"widget\" data-widget_type=\"image.default\">\n\t\t\t\t<div class=\"elementor-widget-container\">\n\t\t\t\t\t\t\t\t\t\t\t\t\t\t\t\t<a href=\"https:\/\/ssingular.com\/produtos\/closets\/\">\n\t\t\t\t\t\t\t<img decoding=\"async\" src=\"https:\/\/ssingular.com\/wp-content\/uploads\/elementor\/thumbs\/SSingular-Closets-01-1-pxlo4foe5q9d8p577aho1o2r9pnm393u6f4k50npnk.png\" title=\"SSingular &#8211; Closets-01\" alt=\"Produtos, produto, SSingular, solu\u00e7\u00f5es de design, closet\" loading=\"lazy\" \/>\t\t\t\t\t\t\t\t<\/a>\n\t\t\t\t\t\t\t\t\t\t\t\t\t\t\t<\/div>\n\t\t\t\t<\/div>\n\t\t\t\t<div class=\"elementor-element elementor-element-b8b9396 elementor-widget elementor-widget-litho-heading\" data-id=\"b8b9396\" data-element_type=\"widget\" data-e-type=\"widget\" data-widget_type=\"litho-heading.default\">\n\t\t\t\t<div class=\"elementor-widget-container\">\n\t\t\t\t\t<h2 class=\"litho-heading elementor-size-xl\"><span class=\"litho-primary-title\">Closet<\/span><\/h2>\t\t\t\t<\/div>\n\t\t\t\t<\/div>\n\t\t\t\t\t<\/div>\n\t\t<\/div>\n\t\t\t\t\t<\/div>\n\t\t<\/div>\n\t\t\t\t<div class=\"elementor-section elementor-top-section elementor-element elementor-element-1c55afe elementor-section-boxed elementor-section-height-default elementor-section-height-default\" data-id=\"1c55afe\" data-element_type=\"section\" data-e-type=\"section\">\n\t\t\t\t\t\t<div class=\"elementor-container elementor-column-gap-default\">\n\t\t\t\t\t<div class=\" elementor-column elementor-col-33 elementor-top-column elementor-element elementor-element-7698e6b\" data-fullscreen-column-settings=\"{&quot;fullscreen&quot;:&quot;&quot;}\" data-id=\"7698e6b\" data-element_type=\"column\" data-e-type=\"column\">\n\t\t\t<div class=\"elementor-widget-wrap elementor-element-populated\">\n\t\t\t\t\t\t<div class=\"elementor-element elementor-element-c96d1bf elementor-widget elementor-widget-image\" data-id=\"c96d1bf\" data-element_type=\"widget\" data-e-type=\"widget\" data-widget_type=\"image.default\">\n\t\t\t\t<div class=\"elementor-widget-container\">\n\t\t\t\t\t\t\t\t\t\t\t\t\t\t\t\t<a href=\"https:\/\/ssingular.com\/produtos\/design-de-interiores\/\">\n\t\t\t\t\t\t\t<img decoding=\"async\" src=\"https:\/\/ssingular.com\/wp-content\/uploads\/elementor\/thumbs\/271550914_4792060414215908_7547197836339843187_n-ptjy462kui9ntjeq5mpude1b6w5n03tgioqg0dq7j4.jpeg\" title=\"271550914_4792060414215908_7547197836339843187_n\" alt=\"271550914_4792060414215908_7547197836339843187_n\" loading=\"lazy\" \/>\t\t\t\t\t\t\t\t<\/a>\n\t\t\t\t\t\t\t\t\t\t\t\t\t\t\t<\/div>\n\t\t\t\t<\/div>\n\t\t\t\t<div class=\"elementor-element elementor-element-a98880e elementor-widget elementor-widget-litho-heading\" data-id=\"a98880e\" data-element_type=\"widget\" data-e-type=\"widget\" data-widget_type=\"litho-heading.default\">\n\t\t\t\t<div class=\"elementor-widget-container\">\n\t\t\t\t\t<h2 class=\"litho-heading elementor-size-xl\"><span class=\"litho-primary-title\">Design de interiores<\/span><\/h2>\t\t\t\t<\/div>\n\t\t\t\t<\/div>\n\t\t\t\t\t<\/div>\n\t\t<\/div>\n\t\t\t\t<div class=\" elementor-column elementor-col-33 elementor-top-column elementor-element elementor-element-0219a8b\" data-fullscreen-column-settings=\"{&quot;fullscreen&quot;:&quot;&quot;}\" data-id=\"0219a8b\" data-element_type=\"column\" data-e-type=\"column\">\n\t\t\t<div class=\"elementor-widget-wrap elementor-element-populated\">\n\t\t\t\t\t\t<div class=\"elementor-element elementor-element-d836754 elementor-widget elementor-widget-image\" data-id=\"d836754\" data-element_type=\"widget\" data-e-type=\"widget\" data-widget_type=\"image.default\">\n\t\t\t\t<div class=\"elementor-widget-container\">\n\t\t\t\t\t\t\t\t\t\t\t\t\t\t\t\t<a href=\"https:\/\/ssingular.com\/produtos\/casas-de-banho\/\">\n\t\t\t\t\t\t\t<img decoding=\"async\" src=\"https:\/\/ssingular.com\/wp-content\/uploads\/elementor\/thumbs\/SSingular-Wcs-01-1-pxlo55zvh39e9s2yxlv7zhfnwi1w2s0bm1e5krkotc.png\" title=\"SSingular &#8211; Wcs-01\" alt=\"SSingular - Wcs-01\" loading=\"lazy\" \/>\t\t\t\t\t\t\t\t<\/a>\n\t\t\t\t\t\t\t\t\t\t\t\t\t\t\t<\/div>\n\t\t\t\t<\/div>\n\t\t\t\t<div class=\"elementor-element elementor-element-fb28607 elementor-widget elementor-widget-litho-heading\" data-id=\"fb28607\" data-element_type=\"widget\" data-e-type=\"widget\" data-widget_type=\"litho-heading.default\">\n\t\t\t\t<div class=\"elementor-widget-container\">\n\t\t\t\t\t<h2 class=\"litho-heading elementor-size-xl\"><span class=\"litho-primary-title\">casas de banho<\/span><\/h2>\t\t\t\t<\/div>\n\t\t\t\t<\/div>\n\t\t\t\t\t<\/div>\n\t\t<\/div>\n\t\t\t\t<div class=\" elementor-column elementor-col-33 elementor-top-column elementor-element elementor-element-cc38b12\" data-fullscreen-column-settings=\"{&quot;fullscreen&quot;:&quot;&quot;}\" data-id=\"cc38b12\" data-element_type=\"column\" data-e-type=\"column\">\n\t\t\t<div class=\"elementor-widget-wrap elementor-element-populated\">\n\t\t\t\t\t\t<div class=\"elementor-element elementor-element-896ff62 elementor-widget elementor-widget-image\" data-id=\"896ff62\" data-element_type=\"widget\" data-e-type=\"widget\" data-widget_type=\"image.default\">\n\t\t\t\t<div class=\"elementor-widget-container\">\n\t\t\t\t\t\t\t\t\t\t\t\t\t\t\t\t<a href=\"https:\/\/ssingular.com\/produtos\/portas-e-paineis\/\">\n\t\t\t\t\t\t\t<img decoding=\"async\" src=\"https:\/\/ssingular.com\/wp-content\/uploads\/elementor\/thumbs\/012-ptjxg1jpfl8ptugb17akdh7eav2hfs1h79xskphz8g.jpeg\" title=\"012\" alt=\"012\" loading=\"lazy\" \/>\t\t\t\t\t\t\t\t<\/a>\n\t\t\t\t\t\t\t\t\t\t\t\t\t\t\t<\/div>\n\t\t\t\t<\/div>\n\t\t\t\t<div class=\"elementor-element elementor-element-ff0d014 elementor-widget elementor-widget-litho-heading\" data-id=\"ff0d014\" data-element_type=\"widget\" data-e-type=\"widget\" data-widget_type=\"litho-heading.default\">\n\t\t\t\t<div class=\"elementor-widget-container\">\n\t\t\t\t\t<h2 class=\"litho-heading elementor-size-xl\"><span class=\"litho-primary-title\">portas e pain\u00e9is<\/span><\/h2>\t\t\t\t<\/div>\n\t\t\t\t<\/div>\n\t\t\t\t\t<\/div>\n\t\t<\/div>\n\t\t\t\t\t<\/div>\n\t\t<\/div>\n\t\t\t\t<div class=\"elementor-section elementor-top-section elementor-element elementor-element-1489436 elementor-section-boxed elementor-section-height-default elementor-section-height-default\" data-id=\"1489436\" data-element_type=\"section\" data-e-type=\"section\">\n\t\t\t\t\t\t<div class=\"elementor-container elementor-column-gap-default\">\n\t\t\t\t\t<div class=\" elementor-column elementor-col-33 elementor-top-column elementor-element elementor-element-176bb0f\" data-fullscreen-column-settings=\"{&quot;fullscreen&quot;:&quot;&quot;}\" data-id=\"176bb0f\" data-element_type=\"column\" data-e-type=\"column\">\n\t\t\t<div class=\"elementor-widget-wrap elementor-element-populated\">\n\t\t\t\t\t\t<div class=\"elementor-element elementor-element-9f70154 elementor-widget elementor-widget-image\" data-id=\"9f70154\" data-element_type=\"widget\" data-e-type=\"widget\" data-widget_type=\"image.default\">\n\t\t\t\t<div class=\"elementor-widget-container\">\n\t\t\t\t\t\t\t\t\t\t\t\t\t\t\t\t<a href=\"https:\/\/ssingular.com\/produtos\/acessorios\/\">\n\t\t\t\t\t\t\t<img decoding=\"async\" src=\"https:\/\/ssingular.com\/wp-content\/uploads\/elementor\/thumbs\/SSingular-acessorios-01-1-pxlo477ug7xsc7hhkou0x87lx8tb5z695996tj097k.png\" title=\"SSingular &#8211; acessorios-01\" alt=\"SSingular - acessorios-01\" loading=\"lazy\" \/>\t\t\t\t\t\t\t\t<\/a>\n\t\t\t\t\t\t\t\t\t\t\t\t\t\t\t<\/div>\n\t\t\t\t<\/div>\n\t\t\t\t<div class=\"elementor-element elementor-element-9e1c7c9 elementor-widget elementor-widget-litho-heading\" data-id=\"9e1c7c9\" data-element_type=\"widget\" data-e-type=\"widget\" data-widget_type=\"litho-heading.default\">\n\t\t\t\t<div class=\"elementor-widget-container\">\n\t\t\t\t\t<h2 class=\"litho-heading elementor-size-xl\"><span class=\"litho-primary-title\">acess\u00f3rios<\/span><\/h2>\t\t\t\t<\/div>\n\t\t\t\t<\/div>\n\t\t\t\t\t<\/div>\n\t\t<\/div>\n\t\t\t\t<div class=\" elementor-column elementor-col-33 elementor-top-column elementor-element elementor-element-b11c659\" data-fullscreen-column-settings=\"{&quot;fullscreen&quot;:&quot;&quot;}\" data-id=\"b11c659\" data-element_type=\"column\" data-e-type=\"column\">\n\t\t\t<div class=\"elementor-widget-wrap\">\n\t\t\t\t\t\t\t<\/div>\n\t\t<\/div>\n\t\t\t\t<div class=\" elementor-column elementor-col-33 elementor-top-column elementor-element elementor-element-d6843ca\" data-fullscreen-column-settings=\"{&quot;fullscreen&quot;:&quot;&quot;}\" data-id=\"d6843ca\" data-element_type=\"column\" data-e-type=\"column\">\n\t\t\t<div class=\"elementor-widget-wrap\">\n\t\t\t\t\t\t\t<\/div>\n\t\t<\/div>\n\t\t\t\t\t<\/div>\n\t\t<\/div>\n\t\t\t\t<div class=\"elementor-section elementor-top-section elementor-element elementor-element-3411954 elementor-section-boxed elementor-section-height-default elementor-section-height-default\" data-id=\"3411954\" data-element_type=\"section\" data-e-type=\"section\">\n\t\t\t\t\t\t<div class=\"elementor-container elementor-column-gap-default\">\n\t\t\t\t\t<div class=\" elementor-column elementor-col-100 elementor-top-column elementor-element elementor-element-601ecde\" data-fullscreen-column-settings=\"{&quot;fullscreen&quot;:&quot;&quot;}\" data-id=\"601ecde\" data-element_type=\"column\" data-e-type=\"column\">\n\t\t\t<div class=\"elementor-widget-wrap elementor-element-populated\">\n\t\t\t\t\t\t<div class=\"elementor-element elementor-element-d766a6b elementor-widget elementor-widget-litho-heading\" data-id=\"d766a6b\" data-element_type=\"widget\" data-e-type=\"widget\" data-widget_type=\"litho-heading.default\">\n\t\t\t\t<div class=\"elementor-widget-container\">\n\t\t\t\t\t<h1 class=\"litho-heading elementor-size-large\"><span class=\"litho-primary-title\">Quer conhecer os nossos produtos e solu\u00e7\u00f5es?<\/span><\/h1>\t\t\t\t<\/div>\n\t\t\t\t<\/div>\n\t\t\t\t<div class=\"elementor-element elementor-element-969aaf8 elementor-widget elementor-widget-litho-heading\" data-id=\"969aaf8\" data-element_type=\"widget\" data-e-type=\"widget\" data-widget_type=\"litho-heading.default\">\n\t\t\t\t<div class=\"elementor-widget-container\">\n\t\t\t\t\t<h3 class=\"litho-heading elementor-size-xl\"><span class=\"litho-primary-title\">Pe\u00e7a-nos um or\u00e7amento ou entre em contacto com a nossa equipa<\/span><\/h3>\t\t\t\t<\/div>\n\t\t\t\t<\/div>\n\t\t\t\t\t<\/div>\n\t\t<\/div>\n\t\t\t\t\t<\/div>\n\t\t<\/div>\n\t\t\t\t<section class=\"elementor-section elementor-top-section elementor-element elementor-element-3970e34 elementor-section-boxed elementor-section-height-default elementor-section-height-default\" data-id=\"3970e34\" data-element_type=\"section\" data-e-type=\"section\">\n\t\t\t\t\t\t<div class=\"elementor-container elementor-column-gap-default\">\n\t\t\t\t\t<div class=\" elementor-column elementor-col-33 elementor-top-column elementor-element elementor-element-59fb5c6\" data-fullscreen-column-settings=\"{&quot;fullscreen&quot;:&quot;&quot;}\" data-id=\"59fb5c6\" data-element_type=\"column\" data-e-type=\"column\">\n\t\t\t<div class=\"elementor-widget-wrap\">\n\t\t\t\t\t\t\t<\/div>\n\t\t<\/div>\n\t\t\t\t<div class=\" elementor-column elementor-col-33 elementor-top-column elementor-element elementor-element-aaf0b1f\" data-fullscreen-column-settings=\"{&quot;fullscreen&quot;:&quot;&quot;}\" data-id=\"aaf0b1f\" data-element_type=\"column\" data-e-type=\"column\">\n\t\t\t<div class=\"elementor-widget-wrap elementor-element-populated\">\n\t\t\t\t\t\t<div class=\"elementor-element elementor-element-55010af elementor-widget elementor-widget-litho-contact-form\" data-id=\"55010af\" data-element_type=\"widget\" data-e-type=\"widget\" data-widget_type=\"litho-contact-form.default\">\n\t\t\t\t<div class=\"elementor-widget-container\">\n\t\t\t\t\t\t\t\t\t<div class=\"contact-form-wrapper\">\n\t\t\t\t\t\n<div class=\"wpcf7 no-js\" id=\"wpcf7-f78295-o1\" lang=\"en-US\" dir=\"ltr\" data-wpcf7-id=\"78295\">\n<div class=\"screen-reader-response\"><p role=\"status\" aria-live=\"polite\" aria-atomic=\"true\"><\/p> <ul><\/ul><\/div>\n<form action=\"\/pt\/wp-json\/wp\/v2\/pages\/76927#wpcf7-f78295-o1\" method=\"post\" class=\"wpcf7-form init\" aria-label=\"Contact form\" novalidate=\"novalidate\" data-status=\"init\">\n<fieldset class=\"hidden-fields-container\"><input type=\"hidden\" name=\"_wpcf7\" value=\"78295\" \/><input type=\"hidden\" name=\"_wpcf7_version\" value=\"6.1.5\" \/><input type=\"hidden\" name=\"_wpcf7_locale\" value=\"en_US\" \/><input type=\"hidden\" name=\"_wpcf7_unit_tag\" value=\"wpcf7-f78295-o1\" \/><input type=\"hidden\" name=\"_wpcf7_container_post\" value=\"0\" \/><input type=\"hidden\" name=\"_wpcf7_posted_data_hash\" value=\"\" \/>\n<\/fieldset>\n<div class=\"popup-contact-form\">\n\t<p><span class=\"wpcf7-form-control-wrap\" data-name=\"your-name\"><input size=\"40\" maxlength=\"400\" class=\"wpcf7-form-control wpcf7-text wpcf7-validates-as-required\" aria-required=\"true\" aria-invalid=\"false\" placeholder=\"Nome*\" value=\"\" type=\"text\" name=\"your-name\" \/><\/span><br \/>\n<span class=\"wpcf7-form-control-wrap\" data-name=\"your-email-address\"><input size=\"40\" maxlength=\"400\" class=\"wpcf7-form-control wpcf7-email wpcf7-validates-as-required wpcf7-text wpcf7-validates-as-email\" aria-required=\"true\" aria-invalid=\"false\" placeholder=\"Email*\" value=\"\" type=\"email\" name=\"your-email-address\" \/><\/span><br \/>\n<span class=\"wpcf7-form-control-wrap\" data-name=\"your-mobile\"><input size=\"40\" maxlength=\"400\" class=\"wpcf7-form-control wpcf7-text wpcf7-validates-as-required\" aria-required=\"true\" aria-invalid=\"false\" placeholder=\"Telefone*\" value=\"\" type=\"text\" name=\"your-mobile\" \/><\/span><br \/>\n<span class=\"wpcf7-form-control-wrap\" data-name=\"your-message\"><textarea cols=\"40\" rows=\"4\" maxlength=\"2000\" class=\"wpcf7-form-control wpcf7-textarea\" aria-invalid=\"false\" placeholder=\"Mensagem*\" name=\"your-message\"><\/textarea><\/span><br \/>\n<input class=\"wpcf7-form-control wpcf7-submit has-spinner elementor-button\" type=\"submit\" value=\"Enviar\" \/>\n\t<\/p>\n<\/div><div class=\"wpcf7-response-output\" aria-hidden=\"true\"><\/div>\n<\/form>\n<\/div>\n\t\t\t\t<\/div>\n\t\t  \t\t\t\t<\/div>\n\t\t\t\t<\/div>\n\t\t\t\t\t<\/div>\n\t\t<\/div>\n\t\t\t\t<div class=\" elementor-column elementor-col-33 elementor-top-column elementor-element elementor-element-e9c97a2\" data-fullscreen-column-settings=\"{&quot;fullscreen&quot;:&quot;&quot;}\" data-id=\"e9c97a2\" data-element_type=\"column\" data-e-type=\"column\">\n\t\t\t<div class=\"elementor-widget-wrap\">\n\t\t\t\t\t\t\t<\/div>\n\t\t<\/div>\n\t\t\t\t\t<\/div>\n\t\t<\/section>\n\t\t\t\t<\/div>\n\t\t","protected":false},"excerpt":{"rendered":"<p>Produtos com Design SSingular Conhe\u00e7a todas os produtos desenvolvidos na nossa f\u00e1brica Na SSingular, somos mestres em transformar espa\u00e7os atrav\u00e9s de solu\u00e7\u00f5es de design \u00fanicas e sofisticadas.\u00a0Das cozinhas \u00e0s salas de estar, cada pe\u00e7a reflete a qualidade e a dedica\u00e7\u00e3o da nossa marca. Se procura solu\u00e7\u00f5es inovadoras para closets ou quer reinventar a sua casa [&hellip;]<\/p>\n","protected":false},"author":3,"featured_media":0,"parent":0,"menu_order":0,"comment_status":"closed","ping_status":"closed","template":"","meta":{"_joinchat":[],"footnotes":""},"class_list":["post-76927","page","type-page","status-publish","hentry"],"_links":{"self":[{"href":"https:\/\/ssingular.com\/pt\/wp-json\/wp\/v2\/pages\/76927","targetHints":{"allow":["GET"]}}],"collection":[{"href":"https:\/\/ssingular.com\/pt\/wp-json\/wp\/v2\/pages"}],"about":[{"href":"https:\/\/ssingular.com\/pt\/wp-json\/wp\/v2\/types\/page"}],"author":[{"embeddable":true,"href":"https:\/\/ssingular.com\/pt\/wp-json\/wp\/v2\/users\/3"}],"replies":[{"embeddable":true,"href":"https:\/\/ssingular.com\/pt\/wp-json\/wp\/v2\/comments?post=76927"}],"version-history":[{"count":0,"href":"https:\/\/ssingular.com\/pt\/wp-json\/wp\/v2\/pages\/76927\/revisions"}],"wp:attachment":[{"href":"https:\/\/ssingular.com\/pt\/wp-json\/wp\/v2\/media?parent=76927"}],"curies":[{"name":"wp","href":"https:\/\/api.w.org\/{rel}","templated":true}]}}