{"id":75434,"date":"2020-02-06T08:17:05","date_gmt":"2020-02-06T07:17:05","guid":{"rendered":"https:\/\/litho.themezaa.com\/?page_id=3"},"modified":"2023-05-04T14:46:52","modified_gmt":"2023-05-04T13:46:52","slug":"privacidade","status":"publish","type":"page","link":"https:\/\/ssingular.com\/pt\/privacidade\/","title":{"rendered":"Privacy policy"},"content":{"rendered":"\t\t<div data-elementor-type=\"wp-page\" data-elementor-id=\"75434\" class=\"elementor elementor-75434\">\n\t\t\t\t\t\t<section class=\"elementor-section elementor-top-section elementor-element elementor-element-642a197d elementor-section-boxed elementor-section-height-default elementor-section-height-default\" data-id=\"642a197d\" data-element_type=\"section\" data-e-type=\"section\">\n\t\t\t\t\t\t<div class=\"elementor-container elementor-column-gap-default\">\n\t\t\t\t\t<div class=\" elementor-column elementor-col-16 elementor-top-column elementor-element elementor-element-76e2ec6b elementor-hidden-tablet elementor-hidden-phone\" data-fullscreen-column-settings=\"{&quot;fullscreen&quot;:&quot;&quot;}\" data-id=\"76e2ec6b\" data-element_type=\"column\" data-e-type=\"column\">\n\t\t\t<div class=\"elementor-widget-wrap\">\n\t\t\t\t\t\t\t<\/div>\n\t\t<\/div>\n\t\t\t\t<div class=\" elementor-column elementor-col-66 elementor-top-column elementor-element elementor-element-90f3c64\" data-fullscreen-column-settings=\"{&quot;fullscreen&quot;:&quot;&quot;}\" data-id=\"90f3c64\" data-element_type=\"column\" data-e-type=\"column\">\n\t\t\t<div class=\"elementor-widget-wrap elementor-element-populated\">\n\t\t\t\t\t\t<div class=\"elementor-element elementor-element-59f0680 elementor-widget elementor-widget-litho-heading\" data-id=\"59f0680\" data-element_type=\"widget\" data-e-type=\"widget\" data-widget_type=\"litho-heading.default\">\n\t\t\t\t<div class=\"elementor-widget-container\">\n\t\t\t\t\t<h6 class=\"litho-heading elementor-size-default\"><span class=\"litho-primary-title\">Informa\u00e7\u00f5es Gerais<\/span><\/h6>\t\t\t\t<\/div>\n\t\t\t\t<\/div>\n\t\t\t\t<div class=\"elementor-element elementor-element-cc874a4 elementor-widget elementor-widget-text-editor\" data-id=\"cc874a4\" data-element_type=\"widget\" data-e-type=\"widget\" data-widget_type=\"text-editor.default\">\n\t\t\t\t<div class=\"elementor-widget-container\">\n\t\t\t\t\t\t\t\t\t<p>A sua privacidade \u00e9 importante para n\u00f3s. \u00c9 pol\u00edtica da SSingular respeitar a sua privacidade em rela\u00e7\u00e3o a qualquer informa\u00e7\u00e3o que possamos coletar no nosso website.\u00a0Solicitamos informa\u00e7\u00f5es pessoais apenas quando realmente precisamos delas para lhe fornecer um servi\u00e7o. Fazemo-lo por meios justos e legais, com o seu conhecimento e consentimento. Tamb\u00e9m informamos porque motivo estamos a recolher estes dados e como ser\u00e1 usado.<\/p><p>Apenas retemos as informa\u00e7\u00f5es recolhidas pelo tempo necess\u00e1rio para fornecer o servi\u00e7o solicitado. Os dados recolhidos ser\u00e3o protegidos de acordo com as normas relativas \u00e0 prote\u00e7\u00e3o de dados de forma a evitar perdas e roubos, bem como acesso, divulga\u00e7\u00e3o, c\u00f3pia, uso ou modifica\u00e7\u00e3o n\u00e3o autorizados.<\/p><p>N\u00e3o partilhamos informa\u00e7\u00f5es de identifica\u00e7\u00e3o pessoal publicamente ou com terceiros, exceto quando exigido por lei. Pode recusar a nossa solicita\u00e7\u00e3o de informa\u00e7\u00f5es pessoais, se entender que n\u00e3o podemos fornecer alguns dos servi\u00e7os desejados.<\/p><p>Ao navegar no nosso site est\u00e1 a aceitar as nossas pol\u00edticas de privacidade e informa\u00e7\u00f5es pessoais. Se tiver alguma d\u00favida sobre como lidamos com dados dos utilizadores e informa\u00e7\u00f5es pessoais, entre em contacto connosco atrav\u00e9s do email geral@ssingular.com.<\/p>\t\t\t\t\t\t\t\t<\/div>\n\t\t\t\t<\/div>\n\t\t\t\t<div class=\"elementor-element elementor-element-7875983 elementor-widget elementor-widget-litho-heading\" data-id=\"7875983\" data-element_type=\"widget\" data-e-type=\"widget\" data-widget_type=\"litho-heading.default\">\n\t\t\t\t<div class=\"elementor-widget-container\">\n\t\t\t\t\t<h6 class=\"litho-heading elementor-size-default\"><span class=\"litho-primary-title\">Pol\u00edtica  de Cookies\n<\/span><\/h6>\t\t\t\t<\/div>\n\t\t\t\t<\/div>\n\t\t\t\t<div class=\"elementor-element elementor-element-95e5efb elementor-widget elementor-widget-text-editor\" data-id=\"95e5efb\" data-element_type=\"widget\" data-e-type=\"widget\" data-widget_type=\"text-editor.default\">\n\t\t\t\t<div class=\"elementor-widget-container\">\n\t\t\t\t\t\t\t\t\t<h3 style=\"caret-color: #000000; color: var(--site-heading-color); font-family: var(--site-secondary-font); letter-spacing: normal; overflow-wrap: break-word; margin-bottom: 1.25rem; font-weight: 600; text-rendering: optimizeLegibility; font-size: 1.74rem; line-height: 1.4;\">O que s\u00e3o cookies?<\/h3><p style=\"overflow-wrap: break-word; margin-bottom: 2rem; padding: 0px; font-size: 14px; line-height: 1.625; text-rendering: optimizeLegibility; caret-color: #616161; color: #616161; font-family: Montserrat, sans-serif;\">Como \u00e9 pr\u00e1tica comum em quase todos os sites profissionais, utilizamos cookies que s\u00e3o pequenas etiquetas de software guardadas no seu computador atrav\u00e9s do navegador (browser), para melhorar a sua experi\u00eancia. Esta p\u00e1gina descreve quais as informa\u00e7\u00f5es que eles recolhem, como os usamos e por que armazenamos esses cookies.<\/p><h3 style=\"caret-color: #000000; color: var(--site-heading-color); font-family: var(--site-secondary-font); letter-spacing: normal; overflow-wrap: break-word; margin-bottom: 1.25rem; font-weight: 600; text-rendering: optimizeLegibility; font-size: 1.74rem; line-height: 1.4;\">Como usamos os cookies?<\/h3><p style=\"overflow-wrap: break-word; margin-bottom: 2rem; padding: 0px; font-size: 14px; line-height: 1.625; text-rendering: optimizeLegibility; caret-color: #616161; color: #616161; font-family: Montserrat, sans-serif;\">Utilizamos cookies por v\u00e1rios motivos detalhados abaixo. Infelizmente, na maioria dos casos, n\u00e3o existem op\u00e7\u00f5es padr\u00e3o do setor para desativar os cookies, sem desativar completamente a funcionalidade e os recursos que eles adicionam a este site. \u00c9 recomend\u00e1vel que voc\u00ea deixe todos os cookies se n\u00e3o tiver a certeza se precisa ou n\u00e3o deles, caso sejam usados para fornecer um servi\u00e7o que utiliza.<\/p><h3 style=\"caret-color: #000000; color: var(--site-heading-color); font-family: var(--site-secondary-font); letter-spacing: normal; overflow-wrap: break-word; margin-bottom: 1.25rem; font-weight: 600; text-rendering: optimizeLegibility; font-size: 1.74rem; line-height: 1.4;\">Desativar cookies<\/h3><p style=\"overflow-wrap: break-word; margin-bottom: 2rem; padding: 0px; font-size: 14px; line-height: 1.625; text-rendering: optimizeLegibility; caret-color: #616161; color: #616161; font-family: Montserrat, sans-serif;\">Voc\u00ea pode impedir a configura\u00e7\u00e3o de cookies ajustando as configura\u00e7\u00f5es do seu navegador (consulte a Ajuda do navegador para saber como fazer isso). Esteja ciente de que a desativa\u00e7\u00e3o de cookies afetar\u00e1 a funcionalidade deste e de muitos outros sites que \u00a0visita. A desativa\u00e7\u00e3o de cookies geralmente resultar\u00e1 na desativa\u00e7\u00e3o de determinadas funcionalidades e recursos deste site. Portanto, \u00e9 recomend\u00e1vel que voc\u00ea n\u00e3o desative os cookies.<\/p><h3 style=\"caret-color: #000000; color: var(--site-heading-color); font-family: var(--site-secondary-font); letter-spacing: normal; overflow-wrap: break-word; margin-bottom: 1.25rem; font-weight: 600; text-rendering: optimizeLegibility; font-size: 1.74rem; line-height: 1.4;\">Cookies que definimos<\/h3><ul style=\"overflow-wrap: break-word; margin-right: 0px; margin-bottom: 2rem; margin-left: 1.25rem; padding: 0px; list-style-position: outside; line-height: 1.625; caret-color: #616161; color: #616161; font-family: Montserrat, sans-serif; font-size: 14px;\"><li style=\"margin: 0px 0px 0.5rem; padding: 0px; font-size: inherit;\">Cookies relacionados a e-mail Marketing:<br \/><p style=\"overflow-wrap: break-word; margin-bottom: 2rem; padding: 0px; font-size: inherit; line-height: 1.625; text-rendering: optimizeLegibility;\">Este site oferece servi\u00e7os de subscri\u00e7\u00e3o de servi\u00e7os de e-mail e os cookies podem ser usados para memorizar o seu registo e pode mostrar determinadas notifica\u00e7\u00f5es v\u00e1lidas apenas para usu\u00e1rios inscritos\/n\u00e3o inscritos.<\/p><\/li><li style=\"margin: 0px 0px 0.5rem; padding: 0px; font-size: inherit;\">Cookies relacionados a pesquisas:<br \/><p style=\"overflow-wrap: break-word; margin-bottom: 2rem; padding: 0px; font-size: inherit; line-height: 1.625; text-rendering: optimizeLegibility;\">Periodicamente oferecemos pesquisas e question\u00e1rios para fornecer informa\u00e7\u00f5es interessantes, ferramentas \u00fateis ou para entender a nossa base de utilizadores com mais precis\u00e3o. Essas pesquisas podem usar cookies para lembrar quem j\u00e1 participou numa pesquisa ou para fornecer resultados precisos ap\u00f3s a altera\u00e7\u00e3o das p\u00e1ginas.<\/p><\/li><li style=\"margin: 0px 0px 0.5rem; padding: 0px; font-size: inherit;\">Cookies relacionados a formul\u00e1rios:<br \/><p style=\"overflow-wrap: break-word; margin-bottom: 2rem; padding: 0px; font-size: inherit; line-height: 1.625; text-rendering: optimizeLegibility;\">Ao enviar dados por meio de um formul\u00e1rio como os encontrados na sec\u00e7\u00e3o de pedido de or\u00e7amento ou na subscri\u00e7\u00e3o de newsletter, os cookies podem ser configurados para lembrar os detalhes do utilizador para correspond\u00eancia futura.<\/p><\/li><\/ul><h3 style=\"caret-color: #000000; color: var(--site-heading-color); font-family: var(--site-secondary-font); letter-spacing: normal; overflow-wrap: break-word; margin-bottom: 1.25rem; font-weight: 600; text-rendering: optimizeLegibility; font-size: 1.74rem; line-height: 1.4;\">Cookies de Terceiros<\/h3><p style=\"overflow-wrap: break-word; margin-bottom: 2rem; padding: 0px; font-size: 14px; line-height: 1.625; text-rendering: optimizeLegibility; caret-color: #616161; color: #616161; font-family: Montserrat, sans-serif;\">Em alguns casos especiais, tamb\u00e9m usamos cookies fornecidos por terceiros confi\u00e1veis. A se\u00e7\u00e3o a seguir detalha quais cookies de terceiros pode encontrar atrav\u00e9s deste site.<\/p><p>Este site usa o Google Analytics, que \u00e9 uma das solu\u00e7\u00f5es de an\u00e1lise mais difundidas e confi\u00e1veis da Web, para nos ajudar a entender como utiliza o site e como podemos melhorar sua experi\u00eancia. Esses cookies podem rastrear itens como quanto tempo passa no site e as p\u00e1ginas visitadas, para que possamos continuar a produzir conte\u00fado relevante.<\/p><p>Para mais informa\u00e7\u00f5es sobre cookies do Google Analytics, consulte a p\u00e1gina oficial do Google Analytics.<\/p><p>As an\u00e1lises de terceiros s\u00e3o usadas para rastrear e medir o uso deste site, para que possamos continuar a produzir conte\u00fado atrativo. Esses cookies podem rastrear itens como o tempo de utiliza\u00e7\u00e3o do site ou as p\u00e1ginas visitadas, o que nos ajuda a entender como podemos melhorar o site para si.<\/p><p>Periodicamente testamos novos recursos e fazemos altera\u00e7\u00f5es subtis na maneira como o site se apresenta. Quando testamos novos recursos, esses cookies podem ser usados para garantir que tem uma experi\u00eancia consistente ao navegar no site.<\/p><h3 style=\"caret-color: #000000; color: var(--site-heading-color); font-family: var(--site-secondary-font); letter-spacing: normal; overflow-wrap: break-word; margin-bottom: 1.25rem; font-weight: 600; text-rendering: optimizeLegibility; font-size: 1.74rem; line-height: 1.4;\">Compromisso do Utilizador<\/h3><p style=\"overflow-wrap: break-word; margin-bottom: 2rem; padding: 0px; font-size: 14px; line-height: 1.625; text-rendering: optimizeLegibility; caret-color: #616161; color: #616161; font-family: Montserrat, sans-serif;\">O utilizador compromete-se a fazer uso adequado dos conte\u00fados e da informa\u00e7\u00e3o que a SSingular oferece no site e com car\u00e1ter enunciativo, mas n\u00e3o limitativo:<\/p><ul style=\"overflow-wrap: break-word; margin-right: 0px; margin-bottom: 2rem; margin-left: 1.25rem; padding: 0px; list-style-position: outside; line-height: 1.625; caret-color: #616161; color: #616161; font-family: Montserrat, sans-serif; font-size: 14px;\"><li style=\"margin: 0px 0px 0.5rem; padding: 0px; font-size: inherit;\">N\u00e3o se envolver em atividades que sejam ilegais ou contr\u00e1rias \u00e0 boa f\u00e9 a \u00e0 ordem p\u00fablica;<\/li><li style=\"margin: 0px 0px 0.5rem; padding: 0px; font-size: inherit;\">N\u00e3o difundir publicidade ou conte\u00fado de natureza racista, xenof\u00f3bica, ou sobre casinos, casas de apostas, jogos de sorte e azar, qualquer tipo de pornografia, de apoio ao terrorismo ou contra os direitos humanos;<\/li><li style=\"margin: 0px 0px 0.5rem; padding: 0px; font-size: inherit;\">N\u00e3o causar danos aos sistemas f\u00edsicos (hardwares) e l\u00f3gicos (softwares) da SSingular, dos seus fornecedores ou de terceiros, para introduzir ou disseminar v\u00edrus inform\u00e1ticos ou quaisquer outros sistemas de hardware ou software que sejam capazes de causar danos anteriormente mencionados.<\/li><\/ul><h3 style=\"caret-color: #000000; color: var(--site-heading-color); font-family: var(--site-secondary-font); letter-spacing: normal; overflow-wrap: break-word; margin-bottom: 1.25rem; font-weight: 600; text-rendering: optimizeLegibility; font-size: 1.74rem; line-height: 1.4;\">Mais informa\u00e7\u00f5es<\/h3><p style=\"overflow-wrap: break-word; margin-bottom: 2rem; padding: 0px; font-size: 14px; line-height: 1.625; text-rendering: optimizeLegibility; caret-color: #616161; color: #616161; font-family: Montserrat, sans-serif;\">Esta pol\u00edtica \u00e9 efetiva a partir de Agosto\/2022.<\/p>\t\t\t\t\t\t\t\t<\/div>\n\t\t\t\t<\/div>\n\t\t\t\t\t<\/div>\n\t\t<\/div>\n\t\t\t\t<div class=\" elementor-column elementor-col-16 elementor-top-column elementor-element elementor-element-3b1e856 elementor-hidden-tablet elementor-hidden-phone\" data-fullscreen-column-settings=\"{&quot;fullscreen&quot;:&quot;&quot;}\" data-id=\"3b1e856\" data-element_type=\"column\" data-e-type=\"column\">\n\t\t\t<div class=\"elementor-widget-wrap elementor-element-populated\">\n\t\t\t\t\t\t\t<\/div>\n\t\t<\/div>\n\t\t\t\t\t<\/div>\n\t\t<\/section>\n\t\t\t\t<\/div>\n\t\t","protected":false},"excerpt":{"rendered":"<p>Informa\u00e7\u00f5es Gerais A sua privacidade \u00e9 importante para n\u00f3s. \u00c9 pol\u00edtica da SSingular respeitar a sua privacidade em rela\u00e7\u00e3o a qualquer informa\u00e7\u00e3o que possamos coletar no nosso website.\u00a0Solicitamos informa\u00e7\u00f5es pessoais apenas quando realmente precisamos delas para lhe fornecer um servi\u00e7o. Fazemo-lo por meios justos e legais, com o seu conhecimento e consentimento. Tamb\u00e9m informamos porque [&hellip;]<\/p>\n","protected":false},"author":3,"featured_media":0,"parent":0,"menu_order":202,"comment_status":"closed","ping_status":"closed","template":"","meta":{"_joinchat":[],"footnotes":""},"class_list":["post-75434","page","type-page","status-publish","hentry"],"_links":{"self":[{"href":"https:\/\/ssingular.com\/pt\/wp-json\/wp\/v2\/pages\/75434","targetHints":{"allow":["GET"]}}],"collection":[{"href":"https:\/\/ssingular.com\/pt\/wp-json\/wp\/v2\/pages"}],"about":[{"href":"https:\/\/ssingular.com\/pt\/wp-json\/wp\/v2\/types\/page"}],"author":[{"embeddable":true,"href":"https:\/\/ssingular.com\/pt\/wp-json\/wp\/v2\/users\/3"}],"replies":[{"embeddable":true,"href":"https:\/\/ssingular.com\/pt\/wp-json\/wp\/v2\/comments?post=75434"}],"version-history":[{"count":0,"href":"https:\/\/ssingular.com\/pt\/wp-json\/wp\/v2\/pages\/75434\/revisions"}],"wp:attachment":[{"href":"https:\/\/ssingular.com\/pt\/wp-json\/wp\/v2\/media?parent=75434"}],"curies":[{"name":"wp","href":"https:\/\/api.w.org\/{rel}","templated":true}]}}