{"id":48160,"date":"2021-01-22T13:24:18","date_gmt":"2021-01-22T13:24:18","guid":{"rendered":"https:\/\/litho.themezaa.com\/?post_type=product&#038;p=48160"},"modified":"2026-03-01T21:45:21","modified_gmt":"2026-03-01T21:45:21","slug":"produit-variable","status":"publish","type":"product","link":"https:\/\/ssingular.com\/fr\/produit\/produit-variable\/","title":{"rendered":"Kitchenette sSolara Blue"},"content":{"rendered":"<div class=\"row align-items-center\">\n<h2 style=\"color: #232323; font-weight: bold; margin-bottom: 5px; margin-top: 0;\">Kitchenette sSolara : Cuisine modulaire compl\u00e8te<\/h2>\n<div class=\"col-12 col-xl-5 col-lg-6 description-left\"><span style=\"color: #232323;\"><br \/>\nLa kitchenette sSolara Blue est la solution id\u00e9ale pour ceux qui cherchent \u00e0 optimiser l'espace sans faire de compromis sur le style ou la fonctionnalit\u00e9. Cette cuisine compacte est le choix parfait pour les studios, les appartements, les appart-h\u00f4tels, les logements locaux et les maisons de campagne.<br \/>\n<\/span><\/p>\n<ul class=\"list-style-03\" style=\"color: #232323; list-style-type: disc; margin-left: 20px; padding: 0; margin-top: 10px;\">\n<li style=\"border: none; margin: 0; padding: 0;\"><strong>Conception et fonctionnalit\u00e9 : <\/strong>Cuisine compacte de 199 cm, \u00e9l\u00e9gante et enti\u00e8rement \u00e9quip\u00e9e ;<\/li>\n<li style=\"border: none; margin: 0; padding: 0;\"><strong>Solution compacte avec portes coulissantes :<\/strong> Il devient une armoire discr\u00e8te et fonctionnelle ;<\/li>\n<li style=\"border: none; margin: 0; padding: 0;\"><strong>Facile \u00e0 assembler :<\/strong> Livr\u00e9 en modules, facile \u00e0 assembler ind\u00e9pendamment ;<\/li>\n<li style=\"border: none; margin: 0; padding: 0;\"><strong>Applications et polyvalence :<\/strong> Id\u00e9al pour les studios, les appartements et les logements locaux.<\/li>\n<\/ul>\n<\/div>\n<div class=\"col-12 col-lg-6 offset-xl-1 description-right\"><a href=\"https:\/\/ssingular.com\/wp-content\/uploads\/2025\/03\/Cozinha_SSolara-azul8.jpg\"><br \/>\n<img decoding=\"async\" class=\"alignright size-medium wp-image-48168\" src=\"https:\/\/ssingular.com\/wp-content\/uploads\/2025\/03\/Cozinha_SSolara-azul8.jpg\" alt=\"kitchenette sSolara, cuisine ssingulaire, cuisine sur mesure\" \/><\/a><\/div>\n<\/div>\n<div class=\"row\">\n<div class=\"col-12\">\n<h2 style=\"color: #232323; font-weight: bold;\">Votre cuisine compacte enti\u00e8rement \u00e9quip\u00e9e : SSolara<\/h2>\n<p style=\"color: #232323; margin-bottom: 10px;\">D\u00e9couvrez SSolara, une cuisine petite par la taille mais grande par ses fonctionnalit\u00e9s. La kitchenette SSolara est une solution pratique et facile \u00e0 assembler pour cuisiner, socialiser et pr\u00e9parer les repas de tous les jours. Con\u00e7ue par SSingular pour optimiser les petits espaces, cette cuisine compacte offre tout ce dont vous avez besoin dans un design intelligent et polyvalent.<\/p>\n<p style=\"color: #232323; margin-bottom: 10px;\">Les modules fonctionnels permettent de cr\u00e9er une cuisine pratique, avec l'extension d'une table de salle \u00e0 manger r\u00e9tractable de 87 cm de long et 52 cm de large et d'une zone de support r\u00e9tractable de 46\u00d750 cm pour le caf\u00e9 ou les petits appareils \u00e9lectrom\u00e9nagers. Le syst\u00e8me de portes coulissantes permet de fermer cette zone lorsqu'elle n'est pas utilis\u00e9e, ce qui donne plus d'espace libre et un aspect propre et organis\u00e9.<\/p>\n<\/div>\n<\/div>\n<div class=\"row align-items-center\">\n<div class=\"col-12 col-xl-5 col-lg-6\">\n<h3 style=\"color: #232323; font-weight: bold;\">Caract\u00e9ristiques principales :<\/h3>\n<ul style=\"color: #232323; list-style-type: disc; margin-left: 20px; padding: 0; margin-top: 10px;\">\n<li style=\"border: none; margin: 0; padding: 0;\">Des modules fonctionnels pour une cuisine pratique et polyvalente<\/li>\n<li style=\"border: none; margin: 0; padding: 0;\">Table de salle \u00e0 manger escamotable (87 x 52 cm)<\/li>\n<li style=\"border: none; margin: 0; padding: 0;\">Table basse escamotable (46 x 50 cm)<\/li>\n<li style=\"border: none; margin: 0; padding: 0;\">Syst\u00e8me de portes coulissantes pour optimiser l'espace<\/li>\n<\/ul>\n<h3 style=\"color: #232323; font-weight: bold;\">Appareils \u00e9lectrom\u00e9nagers inclus :<\/h3>\n<ul style=\"color: #232323; list-style-type: disc; margin-left: 20px; padding: 0; margin-top: 10px;\">\n<li style=\"border: none; margin: 0; padding: 0;\">Lave-vaisselle Teka : mod\u00e8le LP2140<\/li>\n<li style=\"border: none; margin: 0; padding: 0;\">Hotte aspirante Teka : mod\u00e8le CNL 6415B<\/li>\n<li style=\"border: none; margin: 0; padding: 0;\">Plaque de cuisson \u00e0 induction Teka : mod\u00e8le IZF 32400 MSP<\/li>\n<li style=\"border: none; margin: 0; padding: 0;\">R\u00e9frig\u00e9rateur-cong\u00e9lateur Teka de 70 litres : mod\u00e8le RSR 10138 WH<\/li>\n<li style=\"border: none; margin: 0; padding: 0;\">Micro-ondes Teka : mod\u00e8le MWE 230 G<\/li>\n<li style=\"border: none; margin: 0; padding: 0;\">\u00c9vier en acier inoxydable : 40 cm de large<\/li>\n<li style=\"border: none; margin: 0; padding: 0;\">M\u00e9langeur Teka : r\u00e9f. : SP995<\/li>\n<\/ul>\n<\/div>\n<div class=\"col-12 col-lg-6 offset-xl-1\"><img decoding=\"async\" class=\"alignright size-medium wp-image-48168\" src=\"https:\/\/ssingular.com\/wp-content\/uploads\/2025\/03\/Cozinha_SSolara-azul4.jpg\" alt=\"kitchenette sSolara, cuisine ssingulaire, cuisine sur mesure\" \/><\/div>\n<\/div>\n<div class=\"row\">\n<div class=\"col-12\">\n<h3 style=\"color: #232323; font-weight: bold;\">Assemblage et soutien :<\/h3>\n<p style=\"color: #232323;\">SSingular offre une assistance compl\u00e8te pour l'assemblage de votre SSolara :<\/p>\n<ul style=\"color: #232323; list-style-type: disc; margin-left: 20px; padding: 0; margin-top: 10px;\">\n<li style=\"border: none; margin: 0; padding: 0;\">D\u00e9monstration vid\u00e9o d\u00e9taill\u00e9e du processus d'assemblage<\/li>\n<li style=\"border: none; margin: 0; padding: 0;\">Service d'assistance t\u00e9l\u00e9phonique d\u00e9di\u00e9 \u00e0 la client\u00e8le pour l'aide \u00e0 l'installation<\/li>\n<\/ul>\n<p style=\"color: #232323;\"><strong>Remarque :<\/strong> Le transport et le montage ne sont pas inclus dans le prix de base. Pour plus d'informations sur ces services suppl\u00e9mentaires, veuillez nous contacter.<\/p>\n<p style=\"color: #232323;\">SSolara est le choix id\u00e9al pour tous ceux qui recherchent une solution de cuisine compl\u00e8te, compacte et facile \u00e0 installer. Avec tous les appareils essentiels inclus, il est pr\u00eat \u00e0 l'emploi d\u00e8s qu'il est assembl\u00e9, ce qui vous permet de profiter imm\u00e9diatement de votre nouvel espace de cuisine.<\/p>\n<\/div>\n<\/div>","protected":false},"excerpt":{"rendered":"<p><span style=\"color: #232323;\"><strong>Kitchenette sSolara :<\/strong> Une cuisine compacte, \u00e9l\u00e9gante et enti\u00e8rement \u00e9quip\u00e9e, id\u00e9ale pour les petits espaces. Avec une largeur de 199 cm, la sSolara s'int\u00e8gre parfaitement dans les studios, les appartements et les logements locaux, avec un design pratique et fonctionnel, facile \u00e0 assembler.<\/span><\/p>\n<p><span style=\"color: #232323;\">\u00c9quip\u00e9 des derniers appareils TEKA - plaque \u00e0 induction, hotte aspirante, micro-ondes, r\u00e9frig\u00e9rateur-cong\u00e9lateur et lave-vaisselle - sSolara allie une technologie de pointe \u00e0 un design minimaliste et \u00e9l\u00e9gant.<\/span><\/p>\n<p><span style=\"color: #232323;\"><strong>Solution compacte avec portes coulissantes :<\/strong><\/span><br \/>\n<span style=\"color: #232323;\">Le syst\u00e8me de portes coulissantes sSolara permet \u00e0 cette cuisine, lorsqu'elle n'est pas utilis\u00e9e, de se transformer en une armoire discr\u00e8te et compacte, s'int\u00e9grant harmonieusement dans l'environnement de vie. Cette caract\u00e9ristique en fait un choix id\u00e9al pour les espaces o\u00f9 la multifonctionnalit\u00e9 et l'esth\u00e9tique sont prioritaires.<\/span><\/p>\n<p><span style=\"color: #232323;\"><strong> Facile \u00e0 assembler :<\/strong><\/span><br \/>\n<span style=\"color: #232323;\">La kitchenette sSolara est livr\u00e9e en modules, pr\u00eats \u00e0 \u00eatre assembl\u00e9s par le client lui-m\u00eame, ce qui rend le processus d'installation simple et abordable. Cette solution de bricolage permet non seulement de gagner du temps, mais aussi d'avoir l'ind\u00e9pendance et la satisfaction de cr\u00e9er son propre espace.<\/span><\/p>\n<p>&nbsp;<\/p>","protected":false},"featured_media":79726,"comment_status":"open","ping_status":"closed","template":"","meta":{"_joinchat":[]},"product_brand":[],"product_cat":[157,156],"product_tag":[],"class_list":{"0":"post-48160","1":"product","2":"type-product","3":"status-publish","4":"has-post-thumbnail","6":"product_cat-cozinha-compacta","7":"product_cat-cozinhas","9":"first","10":"instock","11":"sale","12":"taxable","13":"shipping-taxable","14":"purchasable","15":"product-type-simple","16":"litho-product-3col"},"_links":{"self":[{"href":"https:\/\/ssingular.com\/fr\/wp-json\/wp\/v2\/product\/48160","targetHints":{"allow":["GET"]}}],"collection":[{"href":"https:\/\/ssingular.com\/fr\/wp-json\/wp\/v2\/product"}],"about":[{"href":"https:\/\/ssingular.com\/fr\/wp-json\/wp\/v2\/types\/product"}],"replies":[{"embeddable":true,"href":"https:\/\/ssingular.com\/fr\/wp-json\/wp\/v2\/comments?post=48160"}],"version-history":[{"count":0,"href":"https:\/\/ssingular.com\/fr\/wp-json\/wp\/v2\/product\/48160\/revisions"}],"wp:featuredmedia":[{"embeddable":true,"href":"https:\/\/ssingular.com\/fr\/wp-json\/wp\/v2\/media\/79726"}],"wp:attachment":[{"href":"https:\/\/ssingular.com\/fr\/wp-json\/wp\/v2\/media?parent=48160"}],"wp:term":[{"taxonomy":"product_brand","embeddable":true,"href":"https:\/\/ssingular.com\/fr\/wp-json\/wp\/v2\/product_brand?post=48160"},{"taxonomy":"product_cat","embeddable":true,"href":"https:\/\/ssingular.com\/fr\/wp-json\/wp\/v2\/product_cat?post=48160"},{"taxonomy":"product_tag","embeddable":true,"href":"https:\/\/ssingular.com\/fr\/wp-json\/wp\/v2\/product_tag?post=48160"}],"curies":[{"name":"wp","href":"https:\/\/api.w.org\/{rel}","templated":true}]}}