{"id":76425,"date":"2022-08-12T08:24:49","date_gmt":"2022-08-12T07:24:49","guid":{"rendered":"http:\/\/limonada.pt\/?page_id=76425"},"modified":"2024-12-04T16:14:37","modified_gmt":"2024-12-04T15:14:37","slug":"institutionnel","status":"publish","type":"page","link":"https:\/\/ssingular.com\/fr\/institutionnel\/","title":{"rendered":"Institutionnel"},"content":{"rendered":"<div data-elementor-type=\"wp-page\" data-elementor-id=\"76425\" class=\"elementor elementor-76425\">\n\t\t\t\t\t\t<div class=\"elementor-section elementor-top-section elementor-element elementor-element-f8684ea elementor-section-boxed elementor-section-height-default elementor-section-height-default\" data-id=\"f8684ea\" data-element_type=\"section\" data-e-type=\"section\">\n\t\t\t\t\t\t<div class=\"elementor-container elementor-column-gap-default\">\n\t\t\t\t\t<div class=\"elementor-column elementor-col-33 elementor-top-column elementor-element elementor-element-affc39c\" data-fullscreen-column-settings=\"{&quot;fullscreen&quot;:&quot;&quot;}\" data-id=\"affc39c\" data-element_type=\"column\" data-e-type=\"column\">\n\t\t\t<div class=\"elementor-widget-wrap elementor-element-populated\">\n\t\t\t\t\t\t<div class=\"elementor-element elementor-element-29dc598 elementor-widget elementor-widget-litho-heading\" data-id=\"29dc598\" data-element_type=\"widget\" data-e-type=\"widget\" data-widget_type=\"litho-heading.default\">\n\t\t\t\t<div class=\"elementor-widget-container\">\n\t\t\t\t\t<h1 class=\"litho-heading elementor-size-large\"><span class=\"litho-primary-title\">CUISINES DE QUALIT\u00c9<\/span><\/h1>\t\t\t\t<\/div>\n\t\t\t\t<\/div>\n\t\t\t\t<div class=\"elementor-element elementor-element-891522b elementor-widget elementor-widget-litho-heading\" data-id=\"891522b\" data-element_type=\"widget\" data-e-type=\"widget\" data-widget_type=\"litho-heading.default\">\n\t\t\t\t<div class=\"elementor-widget-container\">\n\t\t\t\t\t<h6 class=\"litho-heading elementor-size-xl\"><span class=\"litho-secondary-title\">SATISFACTION DES CLIENTS<\/span><\/h6>\t\t\t\t<\/div>\n\t\t\t\t<\/div>\n\t\t\t\t<div class=\"elementor-element elementor-element-e8ca4a9 elementor-widget elementor-widget-text-editor\" data-id=\"e8ca4a9\" data-element_type=\"widget\" data-e-type=\"widget\" data-widget_type=\"text-editor.default\">\n\t\t\t\t<div class=\"elementor-widget-container\">\n\t\t\t\t\t\t\t\t\t<p><span style=\"text-decoration: underline;\"><span style=\"color: #000000; text-decoration: underline;\"><a style=\"color: #000000; text-decoration: underline;\" href=\"https:\/\/ssingular.com\/fr\/produits\/cuisines\/\">Satisfaction du client et fourniture de cuisines de haute qualit\u00e9<span style=\"color: #000000; text-decoration: underline;\"> la qualit\u00e9 dans chaque projet sont les engagements de SSingular.<\/span><\/a> <\/span><\/span><span style=\"color: #000000;\">Vous pouvez \u00e9galement suivre l'\u00e9tat d'avancement de la production de votre projet, depuis la r\u00e9ception de votre commande \u00e0 l'usine jusqu'\u00e0 la livraison finale.<\/span><\/p>\t\t\t\t\t\t\t\t<\/div>\n\t\t\t\t<\/div>\n\t\t\t\t\t<\/div>\n\t\t<\/div>\n\t\t\t\t<div class=\"elementor-column elementor-col-33 elementor-top-column elementor-element elementor-element-0954081\" data-fullscreen-column-settings=\"{&quot;fullscreen&quot;:&quot;&quot;}\" data-id=\"0954081\" data-element_type=\"column\" data-e-type=\"column\">\n\t\t\t<div class=\"elementor-widget-wrap elementor-element-populated\">\n\t\t\t\t\t\t<div class=\"elementor-element elementor-element-21d91b0 elementor-widget elementor-widget-image\" data-id=\"21d91b0\" data-element_type=\"widget\" data-e-type=\"widget\" data-widget_type=\"image.default\">\n\t\t\t\t<div class=\"elementor-widget-container\">\n\t\t\t\t\t\t\t\t\t\t\t\t\t\t\t<img fetchpriority=\"high\" decoding=\"async\" width=\"1400\" height=\"1410\" src=\"https:\/\/ssingular.com\/wp-content\/uploads\/2024\/12\/Selo.png\" class=\"attachment-full size-full wp-image-79643\" alt=\"Si vous avez besoin d&#039;un avocat sp\u00e9cialis\u00e9 dans la propri\u00e9t\u00e9 intellectuelle en Espagne, vous pouvez facilement en trouver un\" srcset=\"https:\/\/ssingular.com\/wp-content\/uploads\/2024\/12\/Selo.png 1400w, https:\/\/ssingular.com\/wp-content\/uploads\/2024\/12\/Selo-298x300.png 298w, https:\/\/ssingular.com\/wp-content\/uploads\/2024\/12\/Selo-1017x1024.png 1017w, https:\/\/ssingular.com\/wp-content\/uploads\/2024\/12\/Selo-150x150.png 150w, https:\/\/ssingular.com\/wp-content\/uploads\/2024\/12\/Selo-768x773.png 768w, https:\/\/ssingular.com\/wp-content\/uploads\/2024\/12\/Selo-12x12.png 12w, https:\/\/ssingular.com\/wp-content\/uploads\/2024\/12\/Selo-200x201.png 200w, https:\/\/ssingular.com\/wp-content\/uploads\/2024\/12\/Selo-300x302.png 300w, https:\/\/ssingular.com\/wp-content\/uploads\/2024\/12\/Selo-600x604.png 600w, https:\/\/ssingular.com\/wp-content\/uploads\/2024\/12\/Selo-100x100.png 100w\" sizes=\"(max-width: 1400px) 100vw, 1400px\" \/>\t\t\t\t\t\t\t\t\t\t\t\t\t\t\t<\/div>\n\t\t\t\t<\/div>\n\t\t\t\t\t<\/div>\n\t\t<\/div>\n\t\t\t\t<div class=\"elementor-column elementor-col-33 elementor-top-column elementor-element elementor-element-01634c0\" data-fullscreen-column-settings=\"{&quot;fullscreen&quot;:&quot;&quot;}\" data-id=\"01634c0\" data-element_type=\"column\" data-e-type=\"column\">\n\t\t\t<div class=\"elementor-widget-wrap elementor-element-populated\">\n\t\t\t\t\t\t<div class=\"elementor-element elementor-element-3f97b6f elementor-widget elementor-widget-text-editor\" data-id=\"3f97b6f\" data-element_type=\"widget\" data-e-type=\"widget\" data-widget_type=\"text-editor.default\">\n\t\t\t\t<div class=\"elementor-widget-container\">\n\t\t\t\t\t\t\t\t\t<p><span style=\"color: #232323;\">C'est avec une grande fiert\u00e9 que nous sommes l'une des meilleures PME du Portugal. Cette reconnaissance r\u00e9compense les efforts et le d\u00e9vouement de l'\u00e9quipe de SSingular, distingue les bonnes performances financi\u00e8res et la qualit\u00e9 de la gestion, et renforce notre engagement \u00e0 satisfaire chaque fournisseur, partenaire commercial, et surtout, nos clients.<\/span><\/p>\t\t\t\t\t\t\t\t<\/div>\n\t\t\t\t<\/div>\n\t\t\t\t\t<\/div>\n\t\t<\/div>\n\t\t\t\t\t<\/div>\n\t\t<\/div>\n\t\t\t\t<div class=\"elementor-section elementor-top-section elementor-element elementor-element-4c6c81be elementor-section-boxed elementor-section-height-default elementor-section-height-default\" data-id=\"4c6c81be\" data-element_type=\"section\" data-e-type=\"section\">\n\t\t\t\t\t\t<div class=\"elementor-container elementor-column-gap-default\">\n\t\t\t\t\t<div class=\"elementor-column elementor-col-50 elementor-top-column elementor-element elementor-element-6ad16c26\" data-fullscreen-column-settings=\"{&quot;fullscreen&quot;:&quot;&quot;}\" data-id=\"6ad16c26\" data-element_type=\"column\" data-e-type=\"column\">\n\t\t\t<div class=\"elementor-widget-wrap elementor-element-populated\">\n\t\t\t\t\t\t<div class=\"elementor-element elementor-element-f70e92b elementor-widget elementor-widget-litho-heading\" data-id=\"f70e92b\" data-element_type=\"widget\" data-e-type=\"widget\" data-widget_type=\"litho-heading.default\">\n\t\t\t\t<div class=\"elementor-widget-container\">\n\t\t\t\t\t<h2 class=\"litho-heading elementor-size-large\"><span class=\"litho-primary-title\">Tradition et excellence<\/span><\/h2>\t\t\t\t<\/div>\n\t\t\t\t<\/div>\n\t\t\t\t<div class=\"elementor-element elementor-element-90eb685 elementor-widget elementor-widget-litho-heading\" data-id=\"90eb685\" data-element_type=\"widget\" data-e-type=\"widget\" data-widget_type=\"litho-heading.default\">\n\t\t\t\t<div class=\"elementor-widget-container\">\n\t\t\t\t\t<h6 class=\"litho-heading elementor-size-xl\"><span class=\"litho-secondary-title\">Un regard sur chaque r\u00eave<\/span><\/h6>\t\t\t\t<\/div>\n\t\t\t\t<\/div>\n\t\t\t\t<div class=\"elementor-element elementor-element-444d28ce elementor-widget elementor-widget-text-editor\" data-id=\"444d28ce\" data-element_type=\"widget\" data-e-type=\"widget\" data-widget_type=\"text-editor.default\">\n\t\t\t\t<div class=\"elementor-widget-container\">\n\t\t\t\t\t\t\t\t\t<p><span style=\"color: #000000;\">V\u00e9ritablement portugaise, SSingular est fi\u00e8re de la r\u00e9putation qu'elle s'est forg\u00e9e au Portugal et en Europe dans la production de meubles de cuisine et de projets complets dans le segment r\u00e9sidentiel et d'entreprise. Plus de 13 ans \u00e0 fabriquer des produits avec pr\u00e9cision et \u00e0 d\u00e9velopper des espaces pour tous les styles, tous les r\u00eaves et toutes les tailles.<\/span><\/p><p><span style=\"color: #000000;\">Le c\u0153ur de notre histoire repose sur notre capacit\u00e9 \u00e0 r\u00e9unir les comp\u00e9tences, l'innovation industrielle et la vision du march\u00e9, tout en int\u00e9grant de nouvelles technologies et m\u00e9thodes de construction pour la production de meubles sur mesure.<\/span><\/p>\t\t\t\t\t\t\t\t<\/div>\n\t\t\t\t<\/div>\n\t\t\t\t\t<\/div>\n\t\t<\/div>\n\t\t\t\t<div class=\"elementor-column elementor-col-50 elementor-top-column elementor-element elementor-element-90fcce3\" data-fullscreen-column-settings=\"{&quot;fullscreen&quot;:&quot;&quot;}\" data-id=\"90fcce3\" data-element_type=\"column\" data-e-type=\"column\">\n\t\t\t<div class=\"elementor-widget-wrap elementor-element-populated\">\n\t\t\t\t\t\t<div class=\"elementor-element elementor-element-c15cdeb elementor-widget elementor-widget-image\" data-id=\"c15cdeb\" data-element_type=\"widget\" data-e-type=\"widget\" data-widget_type=\"image.default\">\n\t\t\t\t<div class=\"elementor-widget-container\">\n\t\t\t\t\t\t\t\t\t\t\t\t\t\t\t<img decoding=\"async\" width=\"2000\" height=\"1333\" src=\"https:\/\/ssingular.com\/wp-content\/uploads\/2023\/01\/SSINGULAR-10-2.jpg\" class=\"attachment-full size-full wp-image-78424\" alt=\"\" srcset=\"https:\/\/ssingular.com\/wp-content\/uploads\/2023\/01\/SSINGULAR-10-2.jpg 2000w, https:\/\/ssingular.com\/wp-content\/uploads\/2023\/01\/SSINGULAR-10-2-300x200.jpg 300w, https:\/\/ssingular.com\/wp-content\/uploads\/2023\/01\/SSINGULAR-10-2-1024x682.jpg 1024w, https:\/\/ssingular.com\/wp-content\/uploads\/2023\/01\/SSINGULAR-10-2-768x512.jpg 768w, https:\/\/ssingular.com\/wp-content\/uploads\/2023\/01\/SSINGULAR-10-2-1536x1024.jpg 1536w, https:\/\/ssingular.com\/wp-content\/uploads\/2023\/01\/SSINGULAR-10-2-200x133.jpg 200w, https:\/\/ssingular.com\/wp-content\/uploads\/2023\/01\/SSINGULAR-10-2-1568x1045.jpg 1568w\" sizes=\"(max-width: 2000px) 100vw, 2000px\" \/>\t\t\t\t\t\t\t\t\t\t\t\t\t\t\t<\/div>\n\t\t\t\t<\/div>\n\t\t\t\t\t<\/div>\n\t\t<\/div>\n\t\t\t\t\t<\/div>\n\t\t<\/div>\n\t\t\t\t<div class=\"elementor-section elementor-top-section elementor-element elementor-element-f2d0ca7 elementor-section-boxed elementor-section-height-default elementor-section-height-default\" data-id=\"f2d0ca7\" data-element_type=\"section\" data-e-type=\"section\">\n\t\t\t\t\t\t<div class=\"elementor-container elementor-column-gap-default\">\n\t\t\t\t\t<div class=\"elementor-column elementor-col-100 elementor-top-column elementor-element elementor-element-414cdfa\" data-fullscreen-column-settings=\"{&quot;fullscreen&quot;:&quot;&quot;}\" data-id=\"414cdfa\" data-element_type=\"column\" data-e-type=\"column\">\n\t\t\t<div class=\"elementor-widget-wrap elementor-element-populated\">\n\t\t\t\t\t\t<div class=\"elementor-element elementor-element-87d3a55 elementor-widget elementor-widget-litho-heading\" data-id=\"87d3a55\" data-element_type=\"widget\" data-e-type=\"widget\" data-widget_type=\"litho-heading.default\">\n\t\t\t\t<div class=\"elementor-widget-container\">\n\t\t\t\t\t<h2 class=\"litho-heading elementor-size-large\"><span class=\"litho-primary-title\">SSingular UNIT\u00c9 INDUSTRIELLE<\/span><\/h2>\t\t\t\t<\/div>\n\t\t\t\t<\/div>\n\t\t\t\t<div class=\"elementor-element elementor-element-01adf0e elementor-widget elementor-widget-litho-heading\" data-id=\"01adf0e\" data-element_type=\"widget\" data-e-type=\"widget\" data-widget_type=\"litho-heading.default\">\n\t\t\t\t<div class=\"elementor-widget-container\">\n\t\t\t\t\t<h3 class=\"litho-heading elementor-size-xl\"><span class=\"litho-secondary-title\">O\u00d9 NOUS GARANTISSONS DES CUISINES DE QUALIT\u00c9<\/span><\/h3>\t\t\t\t<\/div>\n\t\t\t\t<\/div>\n\t\t\t\t<div class=\"elementor-element elementor-element-5b9bb5c elementor-widget elementor-widget-text-editor\" data-id=\"5b9bb5c\" data-element_type=\"widget\" data-e-type=\"widget\" data-widget_type=\"text-editor.default\">\n\t\t\t\t<div class=\"elementor-widget-container\">\n\t\t\t\t\t\t\t\t\t<p><span style=\"color: #000000;\">Sur le march\u00e9 depuis octobre 2009, avec sa marque SSINGULAR, nous sommes des sp\u00e9cialistes de la fabrication de meubles de cuisine. Avec une unit\u00e9 industrielle de 1 500 m\u00b2, l'industrie est \u00e9quip\u00e9e des derni\u00e8res technologies. Tout pour cr\u00e9er des produits de haut niveau, avec des environnements passionnants et personnalis\u00e9s pour r\u00e9aliser le r\u00eave de chaque client.<\/span><\/p><p><span style=\"color: #000000;\"><span style=\"text-decoration: underline;\"><a style=\"color: #000000; text-decoration: underline;\" href=\"https:\/\/ssingular.com\/fr\/contacter-2\/\">Bas\u00e9 \u00e0 Estrada Nacional 229, Fontela, paroisse de Cavern\u00e3es, municipalit\u00e9 de Viseu<\/a>, <\/span>cette entreprise dispose d'installations spacieuses et modernes. SSINGULAR est le r\u00e9sultat d'un effort visant \u00e0 mettre sur le march\u00e9 des produits uniques, personnalis\u00e9s et de qualit\u00e9 totale. Elle combine le design et l'ing\u00e9nierie sans oublier les valeurs intemporelles des ma\u00eetres et des artisans.<\/span><\/p><p><span style=\"color: #000000;\">Compos\u00e9e d'une \u00e9quipe de professionnels techniquement qualifi\u00e9s et dot\u00e9s d'une vaste exp\u00e9rience professionnelle dans ce secteur, elle est en mesure de cr\u00e9er, d\u00e9velopper et ex\u00e9cuter n'importe quel projet, en visant l'enti\u00e8re satisfaction de ses clients.<\/span><\/p>\t\t\t\t\t\t\t\t<\/div>\n\t\t\t\t<\/div>\n\t\t\t\t<div class=\"elementor-element elementor-element-ad8cbae elementor-widget elementor-widget-image\" data-id=\"ad8cbae\" data-element_type=\"widget\" data-e-type=\"widget\" data-widget_type=\"image.default\">\n\t\t\t\t<div class=\"elementor-widget-container\">\n\t\t\t\t\t\t\t\t\t\t\t\t\t\t\t<img decoding=\"async\" src=\"https:\/\/ssingular.com\/wp-content\/uploads\/elementor\/thumbs\/SSINGULAR-10-3-q0w4fq2ni7t44qjy7vgip9w8909croikeuwrvfas0o.jpg\" title=\"SSINGULAR-10-3\" alt=\"Cuisines de qualit\u00e9, SSingular, cuisines,\" loading=\"lazy\" \/>\t\t\t\t\t\t\t\t\t\t\t\t\t\t\t<\/div>\n\t\t\t\t<\/div>\n\t\t\t\t\t<\/div>\n\t\t<\/div>\n\t\t\t\t\t<\/div>\n\t\t<\/div>\n\t\t\t\t<\/div>","protected":false},"excerpt":{"rendered":"<p>COZINHAS DE QUALIDADE SATISFA\u00c7\u00c3O DO CLIENTE A satisfa\u00e7\u00e3o do cliente e a entrega de cozinhas de qualidade em cada projeto s\u00e3o compromissos da SSingular. \u00c9 ainda poss\u00edvel acompanhar o status de produ\u00e7\u00e3o do seu projeto, desde a recep\u00e7\u00e3o do seu pedido na f\u00e1brica at\u00e9 a entrega final. \u00c9 com muito orgulho que somos uma das [&hellip;]<\/p>\n","protected":false},"author":3,"featured_media":0,"parent":0,"menu_order":0,"comment_status":"closed","ping_status":"closed","template":"","meta":{"_joinchat":[],"footnotes":""},"class_list":["post-76425","page","type-page","status-publish","hentry"],"_links":{"self":[{"href":"https:\/\/ssingular.com\/fr\/wp-json\/wp\/v2\/pages\/76425","targetHints":{"allow":["GET"]}}],"collection":[{"href":"https:\/\/ssingular.com\/fr\/wp-json\/wp\/v2\/pages"}],"about":[{"href":"https:\/\/ssingular.com\/fr\/wp-json\/wp\/v2\/types\/page"}],"author":[{"embeddable":true,"href":"https:\/\/ssingular.com\/fr\/wp-json\/wp\/v2\/users\/3"}],"replies":[{"embeddable":true,"href":"https:\/\/ssingular.com\/fr\/wp-json\/wp\/v2\/comments?post=76425"}],"version-history":[{"count":0,"href":"https:\/\/ssingular.com\/fr\/wp-json\/wp\/v2\/pages\/76425\/revisions"}],"wp:attachment":[{"href":"https:\/\/ssingular.com\/fr\/wp-json\/wp\/v2\/media?parent=76425"}],"curies":[{"name":"wp","href":"https:\/\/api.w.org\/{rel}","templated":true}]}}