{"id":75434,"date":"2020-02-06T08:17:05","date_gmt":"2020-02-06T07:17:05","guid":{"rendered":"https:\/\/litho.themezaa.com\/?page_id=3"},"modified":"2023-05-04T14:46:52","modified_gmt":"2023-05-04T13:46:52","slug":"confidentialite","status":"publish","type":"page","link":"https:\/\/ssingular.com\/fr\/confidentialite\/","title":{"rendered":"Politique de confidentialit\u00e9"},"content":{"rendered":"<div data-elementor-type=\"wp-page\" data-elementor-id=\"75434\" class=\"elementor elementor-75434\">\n\t\t\t\t\t\t<section class=\"elementor-section elementor-top-section elementor-element elementor-element-642a197d elementor-section-boxed elementor-section-height-default elementor-section-height-default\" data-id=\"642a197d\" data-element_type=\"section\" data-e-type=\"section\">\n\t\t\t\t\t\t<div class=\"elementor-container elementor-column-gap-default\">\n\t\t\t\t\t<div class=\"elementor-column elementor-col-16 elementor-top-column elementor-element elementor-element-76e2ec6b elementor-hidden-tablet elementor-hidden-phone\" data-fullscreen-column-settings=\"{&quot;fullscreen&quot;:&quot;&quot;}\" data-id=\"76e2ec6b\" data-element_type=\"column\" data-e-type=\"column\">\n\t\t\t<div class=\"elementor-widget-wrap\">\n\t\t\t\t\t\t\t<\/div>\n\t\t<\/div>\n\t\t\t\t<div class=\"elementor-column elementor-col-66 elementor-top-column elementor-element elementor-element-90f3c64\" data-fullscreen-column-settings=\"{&quot;fullscreen&quot;:&quot;&quot;}\" data-id=\"90f3c64\" data-element_type=\"column\" data-e-type=\"column\">\n\t\t\t<div class=\"elementor-widget-wrap elementor-element-populated\">\n\t\t\t\t\t\t<div class=\"elementor-element elementor-element-59f0680 elementor-widget elementor-widget-litho-heading\" data-id=\"59f0680\" data-element_type=\"widget\" data-e-type=\"widget\" data-widget_type=\"litho-heading.default\">\n\t\t\t\t<div class=\"elementor-widget-container\">\n\t\t\t\t\t<h6 class=\"litho-heading elementor-size-default\"><span class=\"litho-primary-title\">Informations g\u00e9n\u00e9rales<\/span><\/h6>\t\t\t\t<\/div>\n\t\t\t\t<\/div>\n\t\t\t\t<div class=\"elementor-element elementor-element-cc874a4 elementor-widget elementor-widget-text-editor\" data-id=\"cc874a4\" data-element_type=\"widget\" data-e-type=\"widget\" data-widget_type=\"text-editor.default\">\n\t\t\t\t<div class=\"elementor-widget-container\">\n\t\t\t\t\t\t\t\t\t<p>Votre vie priv\u00e9e est importante pour nous. La politique de SSingular est de respecter votre vie priv\u00e9e en ce qui concerne les informations que nous pouvons recueillir sur notre site Web. Nous ne demandons des informations personnelles que lorsque nous en avons r\u00e9ellement besoin pour vous fournir un service. Nous le faisons par des moyens justes et l\u00e9gaux, avec votre connaissance et votre consentement. Nous vous informons \u00e9galement des raisons pour lesquelles nous collectons ces donn\u00e9es et de la mani\u00e8re dont elles seront utilis\u00e9es.<\/p><p>Nous ne conservons les informations recueillies que le temps n\u00e9cessaire pour fournir le service demand\u00e9. Les donn\u00e9es collect\u00e9es seront prot\u00e9g\u00e9es conform\u00e9ment \u00e0 la r\u00e9glementation relative \u00e0 la protection des donn\u00e9es afin d'\u00e9viter la perte et le vol, ainsi que l'acc\u00e8s, la divulgation, la copie, l'utilisation ou la modification non autoris\u00e9s.<\/p><p>Nous ne partageons pas les informations personnellement identifiables publiquement ou avec des tiers, sauf si la loi l'exige. Vous pouvez refuser notre demande d'informations personnelles si vous estimez que nous ne pouvons pas vous fournir certains des services que vous souhaitez.<\/p><p>En naviguant sur notre site, vous acceptez nos politiques de confidentialit\u00e9 et d'informations personnelles. Si vous avez des questions sur la fa\u00e7on dont nous traitons les donn\u00e9es des utilisateurs et les informations personnelles, veuillez nous contacter \u00e0 l'adresse geral@ssingular.com.<\/p>\t\t\t\t\t\t\t\t<\/div>\n\t\t\t\t<\/div>\n\t\t\t\t<div class=\"elementor-element elementor-element-7875983 elementor-widget elementor-widget-litho-heading\" data-id=\"7875983\" data-element_type=\"widget\" data-e-type=\"widget\" data-widget_type=\"litho-heading.default\">\n\t\t\t\t<div class=\"elementor-widget-container\">\n\t\t\t\t\t<h6 class=\"litho-heading elementor-size-default\"><span class=\"litho-primary-title\">Politique en mati\u00e8re de cookies\n<\/span><\/h6>\t\t\t\t<\/div>\n\t\t\t\t<\/div>\n\t\t\t\t<div class=\"elementor-element elementor-element-95e5efb elementor-widget elementor-widget-text-editor\" data-id=\"95e5efb\" data-element_type=\"widget\" data-e-type=\"widget\" data-widget_type=\"text-editor.default\">\n\t\t\t\t<div class=\"elementor-widget-container\">\n\t\t\t\t\t\t\t\t\t<h3 style=\"caret-color: #000000; color: var(--site-heading-color); font-family: var(--site-secondary-font); letter-spacing: normal; overflow-wrap: break-word; margin-bottom: 1.25rem; font-weight: 600; text-rendering: optimizeLegibility; font-size: 1.74rem; line-height: 1.4;\">Que sont les cookies ?<\/h3><p style=\"overflow-wrap: break-word; margin-bottom: 2rem; padding: 0px; font-size: 14px; line-height: 1.625; text-rendering: optimizeLegibility; caret-color: #616161; color: #616161; font-family: Montserrat, sans-serif;\">Comme c'est la pratique courante sur presque tous les sites web professionnels, nous utilisons des cookies qui sont de petites balises logicielles stock\u00e9es sur votre ordinateur par votre navigateur pour am\u00e9liorer votre exp\u00e9rience. Cette page d\u00e9crit les informations qu'ils collectent, comment nous les utilisons et pourquoi nous stockons ces cookies.<\/p><h3 style=\"caret-color: #000000; color: var(--site-heading-color); font-family: var(--site-secondary-font); letter-spacing: normal; overflow-wrap: break-word; margin-bottom: 1.25rem; font-weight: 600; text-rendering: optimizeLegibility; font-size: 1.74rem; line-height: 1.4;\">Comment utilisons-nous les cookies ?<\/h3><p style=\"overflow-wrap: break-word; margin-bottom: 2rem; padding: 0px; font-size: 14px; line-height: 1.625; text-rendering: optimizeLegibility; caret-color: #616161; color: #616161; font-family: Montserrat, sans-serif;\">Nous utilisons des cookies pour un certain nombre de raisons d\u00e9taill\u00e9es ci-dessous. Malheureusement, dans la plupart des cas, il n'existe pas d'options standard de l'industrie pour d\u00e9sactiver les cookies sans d\u00e9sactiver compl\u00e8tement la fonctionnalit\u00e9 et les caract\u00e9ristiques qu'ils ajoutent \u00e0 ce site. Il est recommand\u00e9 de laisser tous les cookies si vous n'\u00eates pas s\u00fbr d'en avoir besoin ou non s'ils sont utilis\u00e9s pour fournir un service que vous utilisez.<\/p><h3 style=\"caret-color: #000000; color: var(--site-heading-color); font-family: var(--site-secondary-font); letter-spacing: normal; overflow-wrap: break-word; margin-bottom: 1.25rem; font-weight: 600; text-rendering: optimizeLegibility; font-size: 1.74rem; line-height: 1.4;\">D\u00e9sactiver les cookies<\/h3><p style=\"overflow-wrap: break-word; margin-bottom: 2rem; padding: 0px; font-size: 14px; line-height: 1.625; text-rendering: optimizeLegibility; caret-color: #616161; color: #616161; font-family: Montserrat, sans-serif;\">Vous pouvez emp\u00eacher l'installation de cookies en ajustant les param\u00e8tres de votre navigateur (voir l'aide du navigateur pour savoir comment faire). Sachez que la d\u00e9sactivation des cookies affectera la fonctionnalit\u00e9 de ce site et de nombreux autres sites Web que vous visitez. La d\u00e9sactivation des cookies entra\u00eene g\u00e9n\u00e9ralement la d\u00e9sactivation de certaines fonctionnalit\u00e9s et caract\u00e9ristiques de ce site. Nous vous recommandons donc de ne pas d\u00e9sactiver les cookies.<\/p><h3 style=\"caret-color: #000000; color: var(--site-heading-color); font-family: var(--site-secondary-font); letter-spacing: normal; overflow-wrap: break-word; margin-bottom: 1.25rem; font-weight: 600; text-rendering: optimizeLegibility; font-size: 1.74rem; line-height: 1.4;\">Cookies que nous utilisons<\/h3><ul style=\"overflow-wrap: break-word; margin-right: 0px; margin-bottom: 2rem; margin-left: 1.25rem; padding: 0px; list-style-position: outside; line-height: 1.625; caret-color: #616161; color: #616161; font-family: Montserrat, sans-serif; font-size: 14px;\"><li style=\"margin: 0px 0px 0.5rem; padding: 0px; font-size: inherit;\">Cookies li\u00e9s au marketing par courriel :<br \/><p style=\"overflow-wrap: break-word; margin-bottom: 2rem; padding: 0px; font-size: inherit; line-height: 1.625; text-rendering: optimizeLegibility;\">Ce site offre des services d'abonnement \u00e0 des services de courrier \u00e9lectronique et des cookies peuvent \u00eatre utilis\u00e9s pour se souvenir de votre inscription et peuvent montrer certaines notifications valables uniquement pour les utilisateurs abonn\u00e9s\/non abonn\u00e9s.<\/p><\/li><li style=\"margin: 0px 0px 0.5rem; padding: 0px; font-size: inherit;\">Cookies li\u00e9s \u00e0 la recherche :<br \/><p style=\"overflow-wrap: break-word; margin-bottom: 2rem; padding: 0px; font-size: inherit; line-height: 1.625; text-rendering: optimizeLegibility;\">Nous proposons p\u00e9riodiquement des enqu\u00eates et des questionnaires pour fournir des informations int\u00e9ressantes, des outils utiles ou pour comprendre plus pr\u00e9cis\u00e9ment notre base d'utilisateurs. Ces enqu\u00eates peuvent utiliser des cookies pour se rappeler qui a d\u00e9j\u00e0 particip\u00e9 \u00e0 une enqu\u00eate ou pour fournir des r\u00e9sultats pr\u00e9cis apr\u00e8s un changement de page.<\/p><\/li><li style=\"margin: 0px 0px 0.5rem; padding: 0px; font-size: inherit;\">Cookies li\u00e9s aux formulaires :<br \/><p style=\"overflow-wrap: break-word; margin-bottom: 2rem; padding: 0px; font-size: inherit; line-height: 1.625; text-rendering: optimizeLegibility;\">Lors de l'envoi de donn\u00e9es par le biais d'un formulaire, comme ceux que l'on trouve dans la section de demande de devis ou d'abonnement \u00e0 la lettre d'information, des cookies peuvent \u00eatre d\u00e9finis pour m\u00e9moriser les d\u00e9tails de l'utilisateur en vue d'une correspondance ult\u00e9rieure.<\/p><\/li><\/ul><h3 style=\"caret-color: #000000; color: var(--site-heading-color); font-family: var(--site-secondary-font); letter-spacing: normal; overflow-wrap: break-word; margin-bottom: 1.25rem; font-weight: 600; text-rendering: optimizeLegibility; font-size: 1.74rem; line-height: 1.4;\">Cookies de tierces parties<\/h3><p style=\"overflow-wrap: break-word; margin-bottom: 2rem; padding: 0px; font-size: 14px; line-height: 1.625; text-rendering: optimizeLegibility; caret-color: #616161; color: #616161; font-family: Montserrat, sans-serif;\">Dans certains cas particuliers, nous utilisons \u00e9galement des cookies fournis par des tiers de confiance. La section suivante d\u00e9taille les cookies tiers que vous pouvez rencontrer via ce site web.<\/p><p>Ce site Web utilise Google Analytics, qui est l'une des solutions d'analyse les plus r\u00e9pandues et les plus fiables du Web, pour nous aider \u00e0 comprendre comment vous utilisez le site et comment nous pouvons am\u00e9liorer votre exp\u00e9rience. Ces cookies peuvent suivre des \u00e9l\u00e9ments tels que le temps que vous passez sur le site et les pages que vous visitez, afin que nous puissions continuer \u00e0 produire un contenu pertinent.<\/p><p>Pour plus d'informations sur les cookies de Google Analytics, veuillez consulter la page officielle de Google Analytics.<\/p><p>Les analyses de tiers sont utilis\u00e9es pour suivre et mesurer l'utilisation de ce site afin que nous puissions continuer \u00e0 produire un contenu attrayant. Ces cookies peuvent suivre des \u00e9l\u00e9ments tels que la dur\u00e9e de votre utilisation du site ou les pages que vous visitez, ce qui nous aide \u00e0 comprendre comment nous pouvons am\u00e9liorer le site pour vous.<\/p><p>Nous testons p\u00e9riodiquement de nouvelles fonctionnalit\u00e9s et apportons des modifications subtiles \u00e0 l'apparence du site. Lorsque nous testons de nouvelles fonctionnalit\u00e9s, ces cookies peuvent \u00eatre utilis\u00e9s pour garantir que vous b\u00e9n\u00e9ficiez d'une exp\u00e9rience coh\u00e9rente lorsque vous naviguez sur le site.<\/p><h3 style=\"caret-color: #000000; color: var(--site-heading-color); font-family: var(--site-secondary-font); letter-spacing: normal; overflow-wrap: break-word; margin-bottom: 1.25rem; font-weight: 600; text-rendering: optimizeLegibility; font-size: 1.74rem; line-height: 1.4;\">Engagement de l'utilisateur<\/h3><p style=\"overflow-wrap: break-word; margin-bottom: 2rem; padding: 0px; font-size: 14px; line-height: 1.625; text-rendering: optimizeLegibility; caret-color: #616161; color: #616161; font-family: Montserrat, sans-serif;\">L'utilisateur s'engage \u00e0 faire un usage appropri\u00e9 des contenus et des informations que SSingular propose sur le site web et qui ont un caract\u00e8re \u00e9nonciatif, mais non limitatif :<\/p><ul style=\"overflow-wrap: break-word; margin-right: 0px; margin-bottom: 2rem; margin-left: 1.25rem; padding: 0px; list-style-position: outside; line-height: 1.625; caret-color: #616161; color: #616161; font-family: Montserrat, sans-serif; font-size: 14px;\"><li style=\"margin: 0px 0px 0.5rem; padding: 0px; font-size: inherit;\">Ne pas se livrer \u00e0 des activit\u00e9s ill\u00e9gales ou contraires \u00e0 la bonne foi et \u00e0 l'ordre public ;<\/li><li style=\"margin: 0px 0px 0.5rem; padding: 0px; font-size: inherit;\">Ne pas diffuser de publicit\u00e9 ou de contenu \u00e0 caract\u00e8re raciste, x\u00e9nophobe, ou concernant les casinos, les bookmakers, les jeux de hasard, toute sorte de pornographie, le soutien au terrorisme ou contre les droits de l'homme ;<\/li><li style=\"margin: 0px 0px 0.5rem; padding: 0px; font-size: inherit;\">Ne pas causer de dommages aux syst\u00e8mes physiques (mat\u00e9riel) et logiques (logiciel) de SSingular, de ses fournisseurs ou de tiers, introduire ou diffuser des virus informatiques ou tout autre syst\u00e8me mat\u00e9riel ou logiciel capable de causer les dommages susmentionn\u00e9s.<\/li><\/ul><h3 style=\"caret-color: #000000; color: var(--site-heading-color); font-family: var(--site-secondary-font); letter-spacing: normal; overflow-wrap: break-word; margin-bottom: 1.25rem; font-weight: 600; text-rendering: optimizeLegibility; font-size: 1.74rem; line-height: 1.4;\">Plus d'informations<\/h3><p style=\"overflow-wrap: break-word; margin-bottom: 2rem; padding: 0px; font-size: 14px; line-height: 1.625; text-rendering: optimizeLegibility; caret-color: #616161; color: #616161; font-family: Montserrat, sans-serif;\">Cette politique est effective \u00e0 partir d'ao\u00fbt\/2022.<\/p>\t\t\t\t\t\t\t\t<\/div>\n\t\t\t\t<\/div>\n\t\t\t\t\t<\/div>\n\t\t<\/div>\n\t\t\t\t<div class=\"elementor-column elementor-col-16 elementor-top-column elementor-element elementor-element-3b1e856 elementor-hidden-tablet elementor-hidden-phone\" data-fullscreen-column-settings=\"{&quot;fullscreen&quot;:&quot;&quot;}\" data-id=\"3b1e856\" data-element_type=\"column\" data-e-type=\"column\">\n\t\t\t<div class=\"elementor-widget-wrap elementor-element-populated\">\n\t\t\t\t\t\t\t<\/div>\n\t\t<\/div>\n\t\t\t\t\t<\/div>\n\t\t<\/section>\n\t\t\t\t<\/div>","protected":false},"excerpt":{"rendered":"<p>Informa\u00e7\u00f5es Gerais A sua privacidade \u00e9 importante para n\u00f3s. \u00c9 pol\u00edtica da SSingular respeitar a sua privacidade em rela\u00e7\u00e3o a qualquer informa\u00e7\u00e3o que possamos coletar no nosso website.\u00a0Solicitamos informa\u00e7\u00f5es pessoais apenas quando realmente precisamos delas para lhe fornecer um servi\u00e7o. Fazemo-lo por meios justos e legais, com o seu conhecimento e consentimento. Tamb\u00e9m informamos porque [&hellip;]<\/p>\n","protected":false},"author":3,"featured_media":0,"parent":0,"menu_order":202,"comment_status":"closed","ping_status":"closed","template":"","meta":{"_joinchat":[],"footnotes":""},"class_list":["post-75434","page","type-page","status-publish","hentry"],"_links":{"self":[{"href":"https:\/\/ssingular.com\/fr\/wp-json\/wp\/v2\/pages\/75434","targetHints":{"allow":["GET"]}}],"collection":[{"href":"https:\/\/ssingular.com\/fr\/wp-json\/wp\/v2\/pages"}],"about":[{"href":"https:\/\/ssingular.com\/fr\/wp-json\/wp\/v2\/types\/page"}],"author":[{"embeddable":true,"href":"https:\/\/ssingular.com\/fr\/wp-json\/wp\/v2\/users\/3"}],"replies":[{"embeddable":true,"href":"https:\/\/ssingular.com\/fr\/wp-json\/wp\/v2\/comments?post=75434"}],"version-history":[{"count":0,"href":"https:\/\/ssingular.com\/fr\/wp-json\/wp\/v2\/pages\/75434\/revisions"}],"wp:attachment":[{"href":"https:\/\/ssingular.com\/fr\/wp-json\/wp\/v2\/media?parent=75434"}],"curies":[{"name":"wp","href":"https:\/\/api.w.org\/{rel}","templated":true}]}}