{"id":76425,"date":"2022-08-12T08:24:49","date_gmt":"2022-08-12T07:24:49","guid":{"rendered":"http:\/\/limonada.pt\/?page_id=76425"},"modified":"2024-12-04T16:14:37","modified_gmt":"2024-12-04T15:14:37","slug":"institutional-quality-kitchens","status":"publish","type":"page","link":"https:\/\/ssingular.com\/en\/institutional-quality-kitchens\/","title":{"rendered":"Institutional"},"content":{"rendered":"<div data-elementor-type=\"wp-page\" data-elementor-id=\"76425\" class=\"elementor elementor-76425\">\n\t\t\t\t\t\t<div class=\"elementor-section elementor-top-section elementor-element elementor-element-f8684ea elementor-section-boxed elementor-section-height-default elementor-section-height-default\" data-id=\"f8684ea\" data-element_type=\"section\" data-e-type=\"section\">\n\t\t\t\t\t\t<div class=\"elementor-container elementor-column-gap-default\">\n\t\t\t\t\t<div class=\"elementor-column elementor-col-33 elementor-top-column elementor-element elementor-element-affc39c\" data-fullscreen-column-settings=\"{&quot;fullscreen&quot;:&quot;&quot;}\" data-id=\"affc39c\" data-element_type=\"column\" data-e-type=\"column\">\n\t\t\t<div class=\"elementor-widget-wrap elementor-element-populated\">\n\t\t\t\t\t\t<div class=\"elementor-element elementor-element-29dc598 elementor-widget elementor-widget-litho-heading\" data-id=\"29dc598\" data-element_type=\"widget\" data-e-type=\"widget\" data-widget_type=\"litho-heading.default\">\n\t\t\t\t<div class=\"elementor-widget-container\">\n\t\t\t\t\t<h1 class=\"litho-heading elementor-size-large\"><span class=\"litho-primary-title\">QUALITY KITCHENS<\/span><\/h1>\t\t\t\t<\/div>\n\t\t\t\t<\/div>\n\t\t\t\t<div class=\"elementor-element elementor-element-891522b elementor-widget elementor-widget-litho-heading\" data-id=\"891522b\" data-element_type=\"widget\" data-e-type=\"widget\" data-widget_type=\"litho-heading.default\">\n\t\t\t\t<div class=\"elementor-widget-container\">\n\t\t\t\t\t<h6 class=\"litho-heading elementor-size-xl\"><span class=\"litho-secondary-title\">CLIENT SATISFACTION<\/span><\/h6>\t\t\t\t<\/div>\n\t\t\t\t<\/div>\n\t\t\t\t<div class=\"elementor-element elementor-element-e8ca4a9 elementor-widget elementor-widget-text-editor\" data-id=\"e8ca4a9\" data-element_type=\"widget\" data-e-type=\"widget\" data-widget_type=\"text-editor.default\">\n\t\t\t\t<div class=\"elementor-widget-container\">\n\t\t\t\t\t\t\t\t\t<p><span style=\"text-decoration: underline;\"><span style=\"color: #000000; text-decoration: underline;\"><a style=\"color: #000000; text-decoration: underline;\" href=\"https:\/\/ssingular.com\/en\/products\/kitchens\/\">Customer satisfaction and the delivery of high-quality kitchens<span style=\"color: #000000; text-decoration: underline;\"> quality in every project are SSingular's commitments.<\/span><\/a> <\/span><\/span><span style=\"color: #000000;\">You can also track the production status of your project, from receiving your order at the factory to final delivery.<\/span><\/p>\t\t\t\t\t\t\t\t<\/div>\n\t\t\t\t<\/div>\n\t\t\t\t\t<\/div>\n\t\t<\/div>\n\t\t\t\t<div class=\"elementor-column elementor-col-33 elementor-top-column elementor-element elementor-element-0954081\" data-fullscreen-column-settings=\"{&quot;fullscreen&quot;:&quot;&quot;}\" data-id=\"0954081\" data-element_type=\"column\" data-e-type=\"column\">\n\t\t\t<div class=\"elementor-widget-wrap elementor-element-populated\">\n\t\t\t\t\t\t<div class=\"elementor-element elementor-element-21d91b0 elementor-widget elementor-widget-image\" data-id=\"21d91b0\" data-element_type=\"widget\" data-e-type=\"widget\" data-widget_type=\"image.default\">\n\t\t\t\t<div class=\"elementor-widget-container\">\n\t\t\t\t\t\t\t\t\t\t\t\t\t\t\t<img fetchpriority=\"high\" decoding=\"async\" width=\"1400\" height=\"1410\" src=\"https:\/\/ssingular.com\/wp-content\/uploads\/2024\/12\/Selo.png\" class=\"attachment-full size-full wp-image-79643\" alt=\"If you need a lawyer specialising in intellectual property in Spain, you can easily find one\" srcset=\"https:\/\/ssingular.com\/wp-content\/uploads\/2024\/12\/Selo.png 1400w, https:\/\/ssingular.com\/wp-content\/uploads\/2024\/12\/Selo-298x300.png 298w, https:\/\/ssingular.com\/wp-content\/uploads\/2024\/12\/Selo-1017x1024.png 1017w, https:\/\/ssingular.com\/wp-content\/uploads\/2024\/12\/Selo-150x150.png 150w, https:\/\/ssingular.com\/wp-content\/uploads\/2024\/12\/Selo-768x773.png 768w, https:\/\/ssingular.com\/wp-content\/uploads\/2024\/12\/Selo-12x12.png 12w, https:\/\/ssingular.com\/wp-content\/uploads\/2024\/12\/Selo-200x201.png 200w, https:\/\/ssingular.com\/wp-content\/uploads\/2024\/12\/Selo-300x302.png 300w, https:\/\/ssingular.com\/wp-content\/uploads\/2024\/12\/Selo-600x604.png 600w, https:\/\/ssingular.com\/wp-content\/uploads\/2024\/12\/Selo-100x100.png 100w\" sizes=\"(max-width: 1400px) 100vw, 1400px\" \/>\t\t\t\t\t\t\t\t\t\t\t\t\t\t\t<\/div>\n\t\t\t\t<\/div>\n\t\t\t\t\t<\/div>\n\t\t<\/div>\n\t\t\t\t<div class=\"elementor-column elementor-col-33 elementor-top-column elementor-element elementor-element-01634c0\" data-fullscreen-column-settings=\"{&quot;fullscreen&quot;:&quot;&quot;}\" data-id=\"01634c0\" data-element_type=\"column\" data-e-type=\"column\">\n\t\t\t<div class=\"elementor-widget-wrap elementor-element-populated\">\n\t\t\t\t\t\t<div class=\"elementor-element elementor-element-3f97b6f elementor-widget elementor-widget-text-editor\" data-id=\"3f97b6f\" data-element_type=\"widget\" data-e-type=\"widget\" data-widget_type=\"text-editor.default\">\n\t\t\t\t<div class=\"elementor-widget-container\">\n\t\t\t\t\t\t\t\t\t<p><span style=\"color: #232323;\">It is with great pride that we are one of the best SMEs in Portugal. This recognition rewards the effort and dedication of the SSingular team, distinguishes the good financial performance and management quality, and reinforces our commitment to the satisfaction of each supplier, business partner, and especially, our customers.<\/span><\/p>\t\t\t\t\t\t\t\t<\/div>\n\t\t\t\t<\/div>\n\t\t\t\t\t<\/div>\n\t\t<\/div>\n\t\t\t\t\t<\/div>\n\t\t<\/div>\n\t\t\t\t<div class=\"elementor-section elementor-top-section elementor-element elementor-element-4c6c81be elementor-section-boxed elementor-section-height-default elementor-section-height-default\" data-id=\"4c6c81be\" data-element_type=\"section\" data-e-type=\"section\">\n\t\t\t\t\t\t<div class=\"elementor-container elementor-column-gap-default\">\n\t\t\t\t\t<div class=\"elementor-column elementor-col-50 elementor-top-column elementor-element elementor-element-6ad16c26\" data-fullscreen-column-settings=\"{&quot;fullscreen&quot;:&quot;&quot;}\" data-id=\"6ad16c26\" data-element_type=\"column\" data-e-type=\"column\">\n\t\t\t<div class=\"elementor-widget-wrap elementor-element-populated\">\n\t\t\t\t\t\t<div class=\"elementor-element elementor-element-f70e92b elementor-widget elementor-widget-litho-heading\" data-id=\"f70e92b\" data-element_type=\"widget\" data-e-type=\"widget\" data-widget_type=\"litho-heading.default\">\n\t\t\t\t<div class=\"elementor-widget-container\">\n\t\t\t\t\t<h2 class=\"litho-heading elementor-size-large\"><span class=\"litho-primary-title\">Tradition and excellence<\/span><\/h2>\t\t\t\t<\/div>\n\t\t\t\t<\/div>\n\t\t\t\t<div class=\"elementor-element elementor-element-90eb685 elementor-widget elementor-widget-litho-heading\" data-id=\"90eb685\" data-element_type=\"widget\" data-e-type=\"widget\" data-widget_type=\"litho-heading.default\">\n\t\t\t\t<div class=\"elementor-widget-container\">\n\t\t\t\t\t<h6 class=\"litho-heading elementor-size-xl\"><span class=\"litho-secondary-title\">A look at each dream<\/span><\/h6>\t\t\t\t<\/div>\n\t\t\t\t<\/div>\n\t\t\t\t<div class=\"elementor-element elementor-element-444d28ce elementor-widget elementor-widget-text-editor\" data-id=\"444d28ce\" data-element_type=\"widget\" data-e-type=\"widget\" data-widget_type=\"text-editor.default\">\n\t\t\t\t<div class=\"elementor-widget-container\">\n\t\t\t\t\t\t\t\t\t<p><span style=\"color: #000000;\">Genuinely Portuguese, SSingular is proud of the reputation built in Portugal and Europe in the production of kitchen furniture and complete projects in the residential and corporate segment. Over 13 years manufacturing products with precision and developing spaces for all styles, dreams and sizes.<\/span><\/p><p><span style=\"color: #000000;\">The centre of our history is built on our ability to bring together skills, industrial innovation and market vision, while incorporating new technologies and construction methods for the production of customised furniture.<\/span><\/p>\t\t\t\t\t\t\t\t<\/div>\n\t\t\t\t<\/div>\n\t\t\t\t\t<\/div>\n\t\t<\/div>\n\t\t\t\t<div class=\"elementor-column elementor-col-50 elementor-top-column elementor-element elementor-element-90fcce3\" data-fullscreen-column-settings=\"{&quot;fullscreen&quot;:&quot;&quot;}\" data-id=\"90fcce3\" data-element_type=\"column\" data-e-type=\"column\">\n\t\t\t<div class=\"elementor-widget-wrap elementor-element-populated\">\n\t\t\t\t\t\t<div class=\"elementor-element elementor-element-c15cdeb elementor-widget elementor-widget-image\" data-id=\"c15cdeb\" data-element_type=\"widget\" data-e-type=\"widget\" data-widget_type=\"image.default\">\n\t\t\t\t<div class=\"elementor-widget-container\">\n\t\t\t\t\t\t\t\t\t\t\t\t\t\t\t<img decoding=\"async\" width=\"2000\" height=\"1333\" src=\"https:\/\/ssingular.com\/wp-content\/uploads\/2023\/01\/SSINGULAR-10-2.jpg\" class=\"attachment-full size-full wp-image-78424\" alt=\"\" srcset=\"https:\/\/ssingular.com\/wp-content\/uploads\/2023\/01\/SSINGULAR-10-2.jpg 2000w, https:\/\/ssingular.com\/wp-content\/uploads\/2023\/01\/SSINGULAR-10-2-300x200.jpg 300w, https:\/\/ssingular.com\/wp-content\/uploads\/2023\/01\/SSINGULAR-10-2-1024x682.jpg 1024w, https:\/\/ssingular.com\/wp-content\/uploads\/2023\/01\/SSINGULAR-10-2-768x512.jpg 768w, https:\/\/ssingular.com\/wp-content\/uploads\/2023\/01\/SSINGULAR-10-2-1536x1024.jpg 1536w, https:\/\/ssingular.com\/wp-content\/uploads\/2023\/01\/SSINGULAR-10-2-200x133.jpg 200w, https:\/\/ssingular.com\/wp-content\/uploads\/2023\/01\/SSINGULAR-10-2-1568x1045.jpg 1568w\" sizes=\"(max-width: 2000px) 100vw, 2000px\" \/>\t\t\t\t\t\t\t\t\t\t\t\t\t\t\t<\/div>\n\t\t\t\t<\/div>\n\t\t\t\t\t<\/div>\n\t\t<\/div>\n\t\t\t\t\t<\/div>\n\t\t<\/div>\n\t\t\t\t<div class=\"elementor-section elementor-top-section elementor-element elementor-element-f2d0ca7 elementor-section-boxed elementor-section-height-default elementor-section-height-default\" data-id=\"f2d0ca7\" data-element_type=\"section\" data-e-type=\"section\">\n\t\t\t\t\t\t<div class=\"elementor-container elementor-column-gap-default\">\n\t\t\t\t\t<div class=\"elementor-column elementor-col-100 elementor-top-column elementor-element elementor-element-414cdfa\" data-fullscreen-column-settings=\"{&quot;fullscreen&quot;:&quot;&quot;}\" data-id=\"414cdfa\" data-element_type=\"column\" data-e-type=\"column\">\n\t\t\t<div class=\"elementor-widget-wrap elementor-element-populated\">\n\t\t\t\t\t\t<div class=\"elementor-element elementor-element-87d3a55 elementor-widget elementor-widget-litho-heading\" data-id=\"87d3a55\" data-element_type=\"widget\" data-e-type=\"widget\" data-widget_type=\"litho-heading.default\">\n\t\t\t\t<div class=\"elementor-widget-container\">\n\t\t\t\t\t<h2 class=\"litho-heading elementor-size-large\"><span class=\"litho-primary-title\">SSingular INDUSTRIAL UNIT<\/span><\/h2>\t\t\t\t<\/div>\n\t\t\t\t<\/div>\n\t\t\t\t<div class=\"elementor-element elementor-element-01adf0e elementor-widget elementor-widget-litho-heading\" data-id=\"01adf0e\" data-element_type=\"widget\" data-e-type=\"widget\" data-widget_type=\"litho-heading.default\">\n\t\t\t\t<div class=\"elementor-widget-container\">\n\t\t\t\t\t<h3 class=\"litho-heading elementor-size-xl\"><span class=\"litho-secondary-title\">WHERE WE GUARANTEE QUALITY KITCHENS<\/span><\/h3>\t\t\t\t<\/div>\n\t\t\t\t<\/div>\n\t\t\t\t<div class=\"elementor-element elementor-element-5b9bb5c elementor-widget elementor-widget-text-editor\" data-id=\"5b9bb5c\" data-element_type=\"widget\" data-e-type=\"widget\" data-widget_type=\"text-editor.default\">\n\t\t\t\t<div class=\"elementor-widget-container\">\n\t\t\t\t\t\t\t\t\t<p><span style=\"color: #000000;\">On the market since October 2009, with its brand SSINGULAR, we are specialists in the manufacture of kitchen furniture. With an industrial unit of 1,500 m\u00b2, the industry is equipped with the latest technology. Everything to create high standard products, with exciting and personalized environments to realize the dream of each client.<\/span><\/p><p><span style=\"color: #000000;\"><span style=\"text-decoration: underline;\"><a style=\"color: #000000; text-decoration: underline;\" href=\"https:\/\/ssingular.com\/en\/contact-2\/\">Based in Estrada Nacional 229, Fontela, parish of Cavern\u00e3es, municipality of Viseu<\/a>, <\/span>this company has spacious and modern facilities. SSINGULAR is the result of an effort to bring unique, personalised products of total quality to the market. It combines design and engineering without forgetting the timeless values of masters and craftsmen.<\/span><\/p><p><span style=\"color: #000000;\">Made up of a team of technically qualified professionals with vast professional experience in this sector, it is able to create, develop and execute any project, aiming at the complete satisfaction of its clients.<\/span><\/p>\t\t\t\t\t\t\t\t<\/div>\n\t\t\t\t<\/div>\n\t\t\t\t<div class=\"elementor-element elementor-element-ad8cbae elementor-widget elementor-widget-image\" data-id=\"ad8cbae\" data-element_type=\"widget\" data-e-type=\"widget\" data-widget_type=\"image.default\">\n\t\t\t\t<div class=\"elementor-widget-container\">\n\t\t\t\t\t\t\t\t\t\t\t\t\t\t\t<img decoding=\"async\" src=\"https:\/\/ssingular.com\/wp-content\/uploads\/elementor\/thumbs\/SSINGULAR-10-3-q0w4fq2ni7t44qjy7vgip9w8909croikeuwrvfas0o.jpg\" title=\"SSINGULAR-10-3\" alt=\"Quality kitchens, SSingular, kitchens,\" loading=\"lazy\" \/>\t\t\t\t\t\t\t\t\t\t\t\t\t\t\t<\/div>\n\t\t\t\t<\/div>\n\t\t\t\t\t<\/div>\n\t\t<\/div>\n\t\t\t\t\t<\/div>\n\t\t<\/div>\n\t\t\t\t<\/div>","protected":false},"excerpt":{"rendered":"<p>COZINHAS DE QUALIDADE SATISFA\u00c7\u00c3O DO CLIENTE A satisfa\u00e7\u00e3o do cliente e a entrega de cozinhas de qualidade em cada projeto s\u00e3o compromissos da SSingular. \u00c9 ainda poss\u00edvel acompanhar o status de produ\u00e7\u00e3o do seu projeto, desde a recep\u00e7\u00e3o do seu pedido na f\u00e1brica at\u00e9 a entrega final. \u00c9 com muito orgulho que somos uma das [&hellip;]<\/p>\n","protected":false},"author":3,"featured_media":0,"parent":0,"menu_order":0,"comment_status":"closed","ping_status":"closed","template":"","meta":{"_joinchat":[],"footnotes":""},"class_list":["post-76425","page","type-page","status-publish","hentry"],"_links":{"self":[{"href":"https:\/\/ssingular.com\/en\/wp-json\/wp\/v2\/pages\/76425","targetHints":{"allow":["GET"]}}],"collection":[{"href":"https:\/\/ssingular.com\/en\/wp-json\/wp\/v2\/pages"}],"about":[{"href":"https:\/\/ssingular.com\/en\/wp-json\/wp\/v2\/types\/page"}],"author":[{"embeddable":true,"href":"https:\/\/ssingular.com\/en\/wp-json\/wp\/v2\/users\/3"}],"replies":[{"embeddable":true,"href":"https:\/\/ssingular.com\/en\/wp-json\/wp\/v2\/comments?post=76425"}],"version-history":[{"count":0,"href":"https:\/\/ssingular.com\/en\/wp-json\/wp\/v2\/pages\/76425\/revisions"}],"wp:attachment":[{"href":"https:\/\/ssingular.com\/en\/wp-json\/wp\/v2\/media?parent=76425"}],"curies":[{"name":"wp","href":"https:\/\/api.w.org\/{rel}","templated":true}]}}